{"id":3646,"date":"2021-03-16T10:55:50","date_gmt":"2021-03-16T09:55:50","guid":{"rendered":"http:\/\/www.zakladpogrzebowy.zory.pl\/?page_id=3646"},"modified":"2021-04-30T09:03:13","modified_gmt":"2021-04-30T07:03:13","slug":"zalatwianie-formalnosci-zus-i-krus","status":"publish","type":"page","link":"http:\/\/www.zakladpogrzebowy.zory.pl\/index.php\/zalatwianie-formalnosci-zus-i-krus\/","title":{"rendered":"Za\u0142atwianie formalno\u015bci ZUS i KRUS"},"content":{"rendered":"\t\t<div data-elementor-type=\"wp-post\" data-elementor-id=\"3646\" class=\"elementor elementor-3646\">\n\t\t\t\t\t\t<section class=\"elementor-section elementor-top-section elementor-element elementor-element-e355558 elementor-section-boxed elementor-section-height-default elementor-section-height-default\" data-id=\"e355558\" data-element_type=\"section\">\n\t\t\t\t\t\t<div class=\"elementor-container elementor-column-gap-default\">\n\t\t\t\t\t<div class=\"elementor-column elementor-col-100 elementor-top-column elementor-element elementor-element-573eec5\" data-id=\"573eec5\" data-element_type=\"column\">\n\t\t\t<div class=\"elementor-widget-wrap elementor-element-populated\">\n\t\t\t\t\t\t<div class=\"elementor-element elementor-element-30646d6 elementor-widget elementor-widget-spacer\" data-id=\"30646d6\" data-element_type=\"widget\" data-widget_type=\"spacer.default\">\n\t\t\t\t<div class=\"elementor-widget-container\">\n\t\t\t\t\t<div class=\"elementor-spacer\">\n\t\t\t<div class=\"elementor-spacer-inner\"><\/div>\n\t\t<\/div>\n\t\t\t\t<\/div>\n\t\t\t\t<\/div>\n\t\t\t\t\t<\/div>\n\t\t<\/div>\n\t\t\t\t\t<\/div>\n\t\t<\/section>\n\t\t\t\t<section class=\"elementor-section elementor-top-section elementor-element elementor-element-4b7a1a8 elementor-section-boxed elementor-section-height-default elementor-section-height-default\" data-id=\"4b7a1a8\" data-element_type=\"section\">\n\t\t\t\t\t\t<div class=\"elementor-container elementor-column-gap-default\">\n\t\t\t\t\t<div class=\"elementor-column elementor-col-100 elementor-top-column elementor-element elementor-element-56cb12e\" data-id=\"56cb12e\" data-element_type=\"column\">\n\t\t\t<div class=\"elementor-widget-wrap elementor-element-populated\">\n\t\t\t\t\t\t<div class=\"elementor-element elementor-element-4b49047 elementor-widget elementor-widget-heading\" data-id=\"4b49047\" data-element_type=\"widget\" data-widget_type=\"heading.default\">\n\t\t\t\t<div class=\"elementor-widget-container\">\n\t\t\t<h1 class=\"elementor-heading-title elementor-size-default\">Za\u0142atwianie formalno\u015bci ZUS i KRUS<\/h1>\t\t<\/div>\n\t\t\t\t<\/div>\n\t\t\t\t\t<\/div>\n\t\t<\/div>\n\t\t\t\t\t<\/div>\n\t\t<\/section>\n\t\t\t\t<section class=\"elementor-section elementor-top-section elementor-element elementor-element-e911b57 elementor-section-boxed elementor-section-height-default elementor-section-height-default\" data-id=\"e911b57\" data-element_type=\"section\">\n\t\t\t\t\t\t<div class=\"elementor-container elementor-column-gap-default\">\n\t\t\t\t\t<div class=\"elementor-column elementor-col-100 elementor-top-column elementor-element elementor-element-cc6a331\" data-id=\"cc6a331\" data-element_type=\"column\">\n\t\t\t<div class=\"elementor-widget-wrap elementor-element-populated\">\n\t\t\t\t\t\t<div class=\"elementor-element elementor-element-b448c4b elementor-widget elementor-widget-spacer\" data-id=\"b448c4b\" data-element_type=\"widget\" data-widget_type=\"spacer.default\">\n\t\t\t\t<div class=\"elementor-widget-container\">\n\t\t\t\t\t<div class=\"elementor-spacer\">\n\t\t\t<div class=\"elementor-spacer-inner\"><\/div>\n\t\t<\/div>\n\t\t\t\t<\/div>\n\t\t\t\t<\/div>\n\t\t\t\t\t<\/div>\n\t\t<\/div>\n\t\t\t\t\t<\/div>\n\t\t<\/section>\n\t\t\t\t<section class=\"elementor-section elementor-top-section elementor-element elementor-element-44393b5 elementor-section-boxed elementor-section-height-default elementor-section-height-default\" data-id=\"44393b5\" data-element_type=\"section\">\n\t\t\t\t\t\t<div class=\"elementor-container elementor-column-gap-default\">\n\t\t\t\t\t<div class=\"elementor-column elementor-col-100 elementor-top-column elementor-element elementor-element-f62fa2d\" data-id=\"f62fa2d\" data-element_type=\"column\">\n\t\t\t<div class=\"elementor-widget-wrap elementor-element-populated\">\n\t\t\t\t\t\t<div class=\"elementor-element elementor-element-a04a569 elementor-widget elementor-widget-text-editor\" data-id=\"a04a569\" data-element_type=\"widget\" data-widget_type=\"text-editor.default\">\n\t\t\t\t<div class=\"elementor-widget-container\">\n\t\t\t\t\t\t\t<p><strong>\u015amier\u0107 bliskiej osoby to do\u015bwiadczenie niezwykle bolesne. Zdaj\u0105c sobie spraw\u0119 z emocji, kt\u00f3re Pa\u0144stwu towarzysz\u0105, oferujemy profesjonalne wsparcie w organizacji pogrzebu.<\/strong> <br \/><br \/>Nasi pracownicy, dzi\u0119ki wra\u017cliwo\u015bci i d\u0142ugoletnim do\u015bwiadczeniu pomog\u0105 Pa\u0144stwu przej\u015b\u0107 przez wszystkie etapy formalne i pomog\u0105 w podj\u0119ciu niezb\u0119dnych decyzji. Nasza kompleksowa oferta obejmuje zar\u00f3wno transport i przygotowanie cia\u0142a, wyb\u00f3r trumny lub urny oraz kwiat\u00f3w. B\u0119dziemy s\u0142u\u017cy\u0107 Pa\u0144stwu profesjonaln\u0105 rad\u0105 w tym trudnym momencie.<span class=\"Apple-converted-space\">\u00a0<\/span><\/p>\t\t\t\t\t\t<\/div>\n\t\t\t\t<\/div>\n\t\t\t\t\t<\/div>\n\t\t<\/div>\n\t\t\t\t\t<\/div>\n\t\t<\/section>\n\t\t\t\t<section class=\"elementor-section elementor-top-section elementor-element elementor-element-cd131a8 elementor-section-boxed elementor-section-height-default elementor-section-height-default\" data-id=\"cd131a8\" data-element_type=\"section\">\n\t\t\t\t\t\t<div class=\"elementor-container elementor-column-gap-default\">\n\t\t\t\t\t<div class=\"elementor-column elementor-col-100 elementor-top-column elementor-element elementor-element-a6ce673\" data-id=\"a6ce673\" data-element_type=\"column\" data-settings=\"{&quot;background_background&quot;:&quot;slideshow&quot;,&quot;background_slideshow_gallery&quot;:[{&quot;id&quot;:3506,&quot;url&quot;:&quot;http:\\\/\\\/www.zakladpogrzebowy.zory.pl\\\/wp-content\\\/uploads\\\/2021\\\/03\\\/zalatwianieformalnosci.png&quot;},{&quot;id&quot;:3344,&quot;url&quot;:&quot;http:\\\/\\\/www.zakladpogrzebowy.zory.pl\\\/wp-content\\\/uploads\\\/2020\\\/06\\\/pisma_pieczatka_dokument_notariusz_151239_3.jpg&quot;}],&quot;background_slideshow_ken_burns&quot;:&quot;yes&quot;,&quot;background_slideshow_loop&quot;:&quot;yes&quot;,&quot;background_slideshow_slide_duration&quot;:5000,&quot;background_slideshow_slide_transition&quot;:&quot;fade&quot;,&quot;background_slideshow_transition_duration&quot;:500,&quot;background_slideshow_ken_burns_zoom_direction&quot;:&quot;in&quot;}\">\n\t\t\t<div class=\"elementor-widget-wrap elementor-element-populated\">\n\t\t\t\t\t\t<div class=\"elementor-element elementor-element-1cfe124 elementor-widget elementor-widget-spacer\" data-id=\"1cfe124\" data-element_type=\"widget\" data-widget_type=\"spacer.default\">\n\t\t\t\t<div class=\"elementor-widget-container\">\n\t\t\t\t\t<div class=\"elementor-spacer\">\n\t\t\t<div class=\"elementor-spacer-inner\"><\/div>\n\t\t<\/div>\n\t\t\t\t<\/div>\n\t\t\t\t<\/div>\n\t\t\t\t\t<\/div>\n\t\t<\/div>\n\t\t\t\t\t<\/div>\n\t\t<\/section>\n\t\t\t\t<\/div>\n\t\t","protected":false},"excerpt":{"rendered":"<p>Za\u0142atwianie formalno\u015bci ZUS i KRUS \u015amier\u0107 bliskiej osoby to do\u015bwiadczenie niezwykle bolesne. Zdaj\u0105c sobie spraw\u0119 z emocji, kt\u00f3re Pa\u0144stwu towarzysz\u0105, oferujemy profesjonalne wsparcie w organizacji pogrzebu. Nasi pracownicy, dzi\u0119ki wra\u017cliwo\u015bci [&hellip;]<\/p>\n<p><a href=\"http:\/\/www.zakladpogrzebowy.zory.pl\/index.php\/zalatwianie-formalnosci-zus-i-krus\/\" class=\"more-link style1-button\">Read More<\/a><\/p>","protected":false},"author":1,"featured_media":0,"parent":0,"menu_order":0,"comment_status":"closed","ping_status":"closed","template":"elementor_header_footer","meta":{"footnotes":""},"yoast_head":"<!-- This site is optimized with the Yoast SEO plugin v22.3 - https:\/\/yoast.com\/wordpress\/plugins\/seo\/ -->\n<title>Za\u0142atwianie formalno\u015bci ZUS i KRUS | Komunalny Zak\u0142ad Pogrzebowy w \u017borach<\/title>\n<meta name=\"robots\" content=\"index, follow, max-snippet:-1, max-image-preview:large, max-video-preview:-1\" \/>\n<link rel=\"canonical\" href=\"http:\/\/www.zakladpogrzebowy.zory.pl\/index.php\/zalatwianie-formalnosci-zus-i-krus\/\" \/>\n<meta property=\"og:locale\" content=\"pl_PL\" \/>\n<meta property=\"og:type\" content=\"article\" \/>\n<meta property=\"og:title\" content=\"Za\u0142atwianie formalno\u015bci ZUS i KRUS | Komunalny Zak\u0142ad Pogrzebowy w \u017borach\" \/>\n<meta property=\"og:description\" content=\"Za\u0142atwianie formalno\u015bci ZUS i KRUS \u015amier\u0107 bliskiej osoby to do\u015bwiadczenie niezwykle bolesne. Zdaj\u0105c sobie spraw\u0119 z emocji, kt\u00f3re Pa\u0144stwu towarzysz\u0105, oferujemy profesjonalne wsparcie w organizacji pogrzebu. Nasi pracownicy, dzi\u0119ki wra\u017cliwo\u015bci [&hellip;]\" \/>\n<meta property=\"og:url\" content=\"http:\/\/www.zakladpogrzebowy.zory.pl\/index.php\/zalatwianie-formalnosci-zus-i-krus\/\" \/>\n<meta property=\"og:site_name\" content=\"Komunalny Zak\u0142ad Pogrzebowy w \u017borach\" \/>\n<meta property=\"article:modified_time\" content=\"2021-04-30T07:03:13+00:00\" \/>\n<meta name=\"twitter:card\" content=\"summary_large_image\" \/>\n<script type=\"application\/ld+json\" class=\"yoast-schema-graph\">{\"@context\":\"https:\/\/schema.org\",\"@graph\":[{\"@type\":\"WebPage\",\"@id\":\"http:\/\/www.zakladpogrzebowy.zory.pl\/index.php\/zalatwianie-formalnosci-zus-i-krus\/\",\"url\":\"http:\/\/www.zakladpogrzebowy.zory.pl\/index.php\/zalatwianie-formalnosci-zus-i-krus\/\",\"name\":\"Za\u0142atwianie formalno\u015bci ZUS i KRUS | Komunalny Zak\u0142ad Pogrzebowy w \u017borach\",\"isPartOf\":{\"@id\":\"http:\/\/www.zakladpogrzebowy.zory.pl\/#website\"},\"datePublished\":\"2021-03-16T09:55:50+00:00\",\"dateModified\":\"2021-04-30T07:03:13+00:00\",\"breadcrumb\":{\"@id\":\"http:\/\/www.zakladpogrzebowy.zory.pl\/index.php\/zalatwianie-formalnosci-zus-i-krus\/#breadcrumb\"},\"inLanguage\":\"pl-PL\",\"potentialAction\":[{\"@type\":\"ReadAction\",\"target\":[\"http:\/\/www.zakladpogrzebowy.zory.pl\/index.php\/zalatwianie-formalnosci-zus-i-krus\/\"]}]},{\"@type\":\"BreadcrumbList\",\"@id\":\"http:\/\/www.zakladpogrzebowy.zory.pl\/index.php\/zalatwianie-formalnosci-zus-i-krus\/#breadcrumb\",\"itemListElement\":[{\"@type\":\"ListItem\",\"position\":1,\"name\":\"Strona g\u0142\u00f3wna\",\"item\":\"http:\/\/www.zakladpogrzebowy.zory.pl\/\"},{\"@type\":\"ListItem\",\"position\":2,\"name\":\"Za\u0142atwianie formalno\u015bci ZUS i KRUS\"}]},{\"@type\":\"WebSite\",\"@id\":\"http:\/\/www.zakladpogrzebowy.zory.pl\/#website\",\"url\":\"http:\/\/www.zakladpogrzebowy.zory.pl\/\",\"name\":\"Komunalny Zak\u0142ad Pogrzebowy w \u017borach\",\"description\":\"\",\"publisher\":{\"@id\":\"http:\/\/www.zakladpogrzebowy.zory.pl\/#organization\"},\"potentialAction\":[{\"@type\":\"SearchAction\",\"target\":{\"@type\":\"EntryPoint\",\"urlTemplate\":\"http:\/\/www.zakladpogrzebowy.zory.pl\/?s={search_term_string}\"},\"query-input\":\"required name=search_term_string\"}],\"inLanguage\":\"pl-PL\"},{\"@type\":\"Organization\",\"@id\":\"http:\/\/www.zakladpogrzebowy.zory.pl\/#organization\",\"name\":\"Komunalny Zak\u0142ad Pogrzebowy\",\"url\":\"http:\/\/www.zakladpogrzebowy.zory.pl\/\",\"logo\":{\"@type\":\"ImageObject\",\"inLanguage\":\"pl-PL\",\"@id\":\"http:\/\/www.zakladpogrzebowy.zory.pl\/#\/schema\/logo\/image\/\",\"url\":\"http:\/\/www.zakladpogrzebowy.zory.pl\/wp-content\/uploads\/2021\/03\/9-scaled.jpg\",\"contentUrl\":\"http:\/\/www.zakladpogrzebowy.zory.pl\/wp-content\/uploads\/2021\/03\/9-scaled.jpg\",\"width\":2560,\"height\":1920,\"caption\":\"Komunalny Zak\u0142ad Pogrzebowy\"},\"image\":{\"@id\":\"http:\/\/www.zakladpogrzebowy.zory.pl\/#\/schema\/logo\/image\/\"}}]}<\/script>\n<!-- \/ Yoast SEO plugin. -->","yoast_head_json":{"title":"Za\u0142atwianie formalno\u015bci ZUS i KRUS | Komunalny Zak\u0142ad Pogrzebowy w \u017borach","robots":{"index":"index","follow":"follow","max-snippet":"max-snippet:-1","max-image-preview":"max-image-preview:large","max-video-preview":"max-video-preview:-1"},"canonical":"http:\/\/www.zakladpogrzebowy.zory.pl\/index.php\/zalatwianie-formalnosci-zus-i-krus\/","og_locale":"pl_PL","og_type":"article","og_title":"Za\u0142atwianie formalno\u015bci ZUS i KRUS | Komunalny Zak\u0142ad Pogrzebowy w \u017borach","og_description":"Za\u0142atwianie formalno\u015bci ZUS i KRUS \u015amier\u0107 bliskiej osoby to do\u015bwiadczenie niezwykle bolesne. Zdaj\u0105c sobie spraw\u0119 z emocji, kt\u00f3re Pa\u0144stwu towarzysz\u0105, oferujemy profesjonalne wsparcie w organizacji pogrzebu. Nasi pracownicy, dzi\u0119ki wra\u017cliwo\u015bci [&hellip;]","og_url":"http:\/\/www.zakladpogrzebowy.zory.pl\/index.php\/zalatwianie-formalnosci-zus-i-krus\/","og_site_name":"Komunalny Zak\u0142ad Pogrzebowy w \u017borach","article_modified_time":"2021-04-30T07:03:13+00:00","twitter_card":"summary_large_image","schema":{"@context":"https:\/\/schema.org","@graph":[{"@type":"WebPage","@id":"http:\/\/www.zakladpogrzebowy.zory.pl\/index.php\/zalatwianie-formalnosci-zus-i-krus\/","url":"http:\/\/www.zakladpogrzebowy.zory.pl\/index.php\/zalatwianie-formalnosci-zus-i-krus\/","name":"Za\u0142atwianie formalno\u015bci ZUS i KRUS | Komunalny Zak\u0142ad Pogrzebowy w \u017borach","isPartOf":{"@id":"http:\/\/www.zakladpogrzebowy.zory.pl\/#website"},"datePublished":"2021-03-16T09:55:50+00:00","dateModified":"2021-04-30T07:03:13+00:00","breadcrumb":{"@id":"http:\/\/www.zakladpogrzebowy.zory.pl\/index.php\/zalatwianie-formalnosci-zus-i-krus\/#breadcrumb"},"inLanguage":"pl-PL","potentialAction":[{"@type":"ReadAction","target":["http:\/\/www.zakladpogrzebowy.zory.pl\/index.php\/zalatwianie-formalnosci-zus-i-krus\/"]}]},{"@type":"BreadcrumbList","@id":"http:\/\/www.zakladpogrzebowy.zory.pl\/index.php\/zalatwianie-formalnosci-zus-i-krus\/#breadcrumb","itemListElement":[{"@type":"ListItem","position":1,"name":"Strona g\u0142\u00f3wna","item":"http:\/\/www.zakladpogrzebowy.zory.pl\/"},{"@type":"ListItem","position":2,"name":"Za\u0142atwianie formalno\u015bci ZUS i KRUS"}]},{"@type":"WebSite","@id":"http:\/\/www.zakladpogrzebowy.zory.pl\/#website","url":"http:\/\/www.zakladpogrzebowy.zory.pl\/","name":"Komunalny Zak\u0142ad Pogrzebowy w \u017borach","description":"","publisher":{"@id":"http:\/\/www.zakladpogrzebowy.zory.pl\/#organization"},"potentialAction":[{"@type":"SearchAction","target":{"@type":"EntryPoint","urlTemplate":"http:\/\/www.zakladpogrzebowy.zory.pl\/?s={search_term_string}"},"query-input":"required name=search_term_string"}],"inLanguage":"pl-PL"},{"@type":"Organization","@id":"http:\/\/www.zakladpogrzebowy.zory.pl\/#organization","name":"Komunalny Zak\u0142ad Pogrzebowy","url":"http:\/\/www.zakladpogrzebowy.zory.pl\/","logo":{"@type":"ImageObject","inLanguage":"pl-PL","@id":"http:\/\/www.zakladpogrzebowy.zory.pl\/#\/schema\/logo\/image\/","url":"http:\/\/www.zakladpogrzebowy.zory.pl\/wp-content\/uploads\/2021\/03\/9-scaled.jpg","contentUrl":"http:\/\/www.zakladpogrzebowy.zory.pl\/wp-content\/uploads\/2021\/03\/9-scaled.jpg","width":2560,"height":1920,"caption":"Komunalny Zak\u0142ad Pogrzebowy"},"image":{"@id":"http:\/\/www.zakladpogrzebowy.zory.pl\/#\/schema\/logo\/image\/"}}]}},"_links":{"self":[{"href":"http:\/\/www.zakladpogrzebowy.zory.pl\/index.php\/wp-json\/wp\/v2\/pages\/3646"}],"collection":[{"href":"http:\/\/www.zakladpogrzebowy.zory.pl\/index.php\/wp-json\/wp\/v2\/pages"}],"about":[{"href":"http:\/\/www.zakladpogrzebowy.zory.pl\/index.php\/wp-json\/wp\/v2\/types\/page"}],"author":[{"embeddable":true,"href":"http:\/\/www.zakladpogrzebowy.zory.pl\/index.php\/wp-json\/wp\/v2\/users\/1"}],"replies":[{"embeddable":true,"href":"http:\/\/www.zakladpogrzebowy.zory.pl\/index.php\/wp-json\/wp\/v2\/comments?post=3646"}],"version-history":[{"count":5,"href":"http:\/\/www.zakladpogrzebowy.zory.pl\/index.php\/wp-json\/wp\/v2\/pages\/3646\/revisions"}],"predecessor-version":[{"id":3778,"href":"http:\/\/www.zakladpogrzebowy.zory.pl\/index.php\/wp-json\/wp\/v2\/pages\/3646\/revisions\/3778"}],"wp:attachment":[{"href":"http:\/\/www.zakladpogrzebowy.zory.pl\/index.php\/wp-json\/wp\/v2\/media?parent=3646"}],"curies":[{"name":"wp","href":"https:\/\/api.w.org\/{rel}","templated":true}]}}