{"id":3637,"date":"2021-03-16T09:04:06","date_gmt":"2021-03-16T08:04:06","guid":{"rendered":"http:\/\/www.zakladpogrzebowy.zory.pl\/?page_id=3637"},"modified":"2021-04-30T08:54:49","modified_gmt":"2021-04-30T06:54:49","slug":"udostepnianie-kaplicy","status":"publish","type":"page","link":"http:\/\/www.zakladpogrzebowy.zory.pl\/index.php\/udostepnianie-kaplicy\/","title":{"rendered":"Udost\u0119pnianie kaplicy"},"content":{"rendered":"\t\t<div data-elementor-type=\"wp-post\" data-elementor-id=\"3637\" class=\"elementor elementor-3637\">\n\t\t\t\t\t\t<section class=\"elementor-section elementor-top-section elementor-element elementor-element-3a0c1b3 elementor-section-boxed elementor-section-height-default elementor-section-height-default\" data-id=\"3a0c1b3\" data-element_type=\"section\">\n\t\t\t\t\t\t<div class=\"elementor-container elementor-column-gap-default\">\n\t\t\t\t\t<div class=\"elementor-column elementor-col-100 elementor-top-column elementor-element elementor-element-3ea79f8\" data-id=\"3ea79f8\" data-element_type=\"column\">\n\t\t\t<div class=\"elementor-widget-wrap elementor-element-populated\">\n\t\t\t\t\t\t<div class=\"elementor-element elementor-element-1b5be6f elementor-widget elementor-widget-spacer\" data-id=\"1b5be6f\" data-element_type=\"widget\" data-widget_type=\"spacer.default\">\n\t\t\t\t<div class=\"elementor-widget-container\">\n\t\t\t\t\t<div class=\"elementor-spacer\">\n\t\t\t<div class=\"elementor-spacer-inner\"><\/div>\n\t\t<\/div>\n\t\t\t\t<\/div>\n\t\t\t\t<\/div>\n\t\t\t\t\t<\/div>\n\t\t<\/div>\n\t\t\t\t\t<\/div>\n\t\t<\/section>\n\t\t\t\t<section class=\"elementor-section elementor-top-section elementor-element elementor-element-68f8b3c elementor-section-boxed elementor-section-height-default elementor-section-height-default\" data-id=\"68f8b3c\" data-element_type=\"section\">\n\t\t\t\t\t\t<div class=\"elementor-container elementor-column-gap-default\">\n\t\t\t\t\t<div class=\"elementor-column elementor-col-100 elementor-top-column elementor-element elementor-element-8fb8ba4\" data-id=\"8fb8ba4\" data-element_type=\"column\">\n\t\t\t<div class=\"elementor-widget-wrap elementor-element-populated\">\n\t\t\t\t\t\t<div class=\"elementor-element elementor-element-44dc83c elementor-widget elementor-widget-heading\" data-id=\"44dc83c\" data-element_type=\"widget\" data-widget_type=\"heading.default\">\n\t\t\t\t<div class=\"elementor-widget-container\">\n\t\t\t<h1 class=\"elementor-heading-title elementor-size-default\">Udost\u0119pnianie kaplicy<\/h1>\t\t<\/div>\n\t\t\t\t<\/div>\n\t\t\t\t\t<\/div>\n\t\t<\/div>\n\t\t\t\t\t<\/div>\n\t\t<\/section>\n\t\t\t\t<section class=\"elementor-section elementor-top-section elementor-element elementor-element-3ed08f7 elementor-section-boxed elementor-section-height-default elementor-section-height-default\" data-id=\"3ed08f7\" data-element_type=\"section\">\n\t\t\t\t\t\t<div class=\"elementor-container elementor-column-gap-default\">\n\t\t\t\t\t<div class=\"elementor-column elementor-col-100 elementor-top-column elementor-element elementor-element-714a479\" data-id=\"714a479\" data-element_type=\"column\">\n\t\t\t<div class=\"elementor-widget-wrap elementor-element-populated\">\n\t\t\t\t\t\t<div class=\"elementor-element elementor-element-ad8dc12 elementor-widget elementor-widget-spacer\" data-id=\"ad8dc12\" data-element_type=\"widget\" data-widget_type=\"spacer.default\">\n\t\t\t\t<div class=\"elementor-widget-container\">\n\t\t\t\t\t<div class=\"elementor-spacer\">\n\t\t\t<div class=\"elementor-spacer-inner\"><\/div>\n\t\t<\/div>\n\t\t\t\t<\/div>\n\t\t\t\t<\/div>\n\t\t\t\t\t<\/div>\n\t\t<\/div>\n\t\t\t\t\t<\/div>\n\t\t<\/section>\n\t\t\t\t<section class=\"elementor-section elementor-top-section elementor-element elementor-element-3c2bdd1 elementor-section-boxed elementor-section-height-default elementor-section-height-default\" data-id=\"3c2bdd1\" data-element_type=\"section\">\n\t\t\t\t\t\t<div class=\"elementor-container elementor-column-gap-default\">\n\t\t\t\t\t<div class=\"elementor-column elementor-col-100 elementor-top-column elementor-element elementor-element-d8de408\" data-id=\"d8de408\" data-element_type=\"column\">\n\t\t\t<div class=\"elementor-widget-wrap elementor-element-populated\">\n\t\t\t\t\t\t<div class=\"elementor-element elementor-element-ff4b46d elementor-widget elementor-widget-text-editor\" data-id=\"ff4b46d\" data-element_type=\"widget\" data-widget_type=\"text-editor.default\">\n\t\t\t\t<div class=\"elementor-widget-container\">\n\t\t\t\t\t\t\t<strong>Na terenie Zak\u0142adu znajduje si\u0119 Komunalny Dom Pogrzebowy wielowyznaniowy.\nMie\u015bci si\u0119 w nim 50 miejsc siedz\u0105cych. Na wyposa\u017ceniu posiadamy organy i nag\u0142o\u015bnienie<br><\/strong>\t\t\t\t\t\t<\/div>\n\t\t\t\t<\/div>\n\t\t\t\t\t<\/div>\n\t\t<\/div>\n\t\t\t\t\t<\/div>\n\t\t<\/section>\n\t\t\t\t<section class=\"elementor-section elementor-top-section elementor-element elementor-element-70e87aa elementor-section-boxed elementor-section-height-default elementor-section-height-default\" data-id=\"70e87aa\" data-element_type=\"section\">\n\t\t\t\t\t\t<div class=\"elementor-container elementor-column-gap-default\">\n\t\t\t\t\t<div class=\"elementor-column elementor-col-100 elementor-top-column elementor-element elementor-element-59dfc79\" data-id=\"59dfc79\" data-element_type=\"column\" data-settings=\"{&quot;background_background&quot;:&quot;slideshow&quot;,&quot;background_slideshow_gallery&quot;:[{&quot;id&quot;:3771,&quot;url&quot;:&quot;http:\\\/\\\/www.zakladpogrzebowy.zory.pl\\\/wp-content\\\/uploads\\\/2021\\\/04\\\/10_Easy-Resize.com_.jpg&quot;},{&quot;id&quot;:3740,&quot;url&quot;:&quot;http:\\\/\\\/www.zakladpogrzebowy.zory.pl\\\/wp-content\\\/uploads\\\/2021\\\/03\\\/kaplica-scaled.jpg&quot;},{&quot;id&quot;:3739,&quot;url&quot;:&quot;http:\\\/\\\/www.zakladpogrzebowy.zory.pl\\\/wp-content\\\/uploads\\\/2021\\\/03\\\/kaplica-5-scaled.jpg&quot;},{&quot;id&quot;:3737,&quot;url&quot;:&quot;http:\\\/\\\/www.zakladpogrzebowy.zory.pl\\\/wp-content\\\/uploads\\\/2021\\\/03\\\/kaplica-3-scaled.jpg&quot;},{&quot;id&quot;:3736,&quot;url&quot;:&quot;http:\\\/\\\/www.zakladpogrzebowy.zory.pl\\\/wp-content\\\/uploads\\\/2021\\\/03\\\/auto-scaled.jpg&quot;}],&quot;background_slideshow_ken_burns&quot;:&quot;yes&quot;,&quot;background_slideshow_loop&quot;:&quot;yes&quot;,&quot;background_slideshow_slide_duration&quot;:5000,&quot;background_slideshow_slide_transition&quot;:&quot;fade&quot;,&quot;background_slideshow_transition_duration&quot;:500,&quot;background_slideshow_ken_burns_zoom_direction&quot;:&quot;in&quot;}\">\n\t\t\t<div class=\"elementor-widget-wrap elementor-element-populated\">\n\t\t\t\t\t\t<div class=\"elementor-element elementor-element-37951ab elementor-widget elementor-widget-spacer\" data-id=\"37951ab\" data-element_type=\"widget\" data-widget_type=\"spacer.default\">\n\t\t\t\t<div class=\"elementor-widget-container\">\n\t\t\t\t\t<div class=\"elementor-spacer\">\n\t\t\t<div class=\"elementor-spacer-inner\"><\/div>\n\t\t<\/div>\n\t\t\t\t<\/div>\n\t\t\t\t<\/div>\n\t\t\t\t\t<\/div>\n\t\t<\/div>\n\t\t\t\t\t<\/div>\n\t\t<\/section>\n\t\t\t\t<section class=\"elementor-section elementor-top-section elementor-element elementor-element-e6ea024 elementor-section-boxed elementor-section-height-default elementor-section-height-default\" data-id=\"e6ea024\" data-element_type=\"section\">\n\t\t\t\t\t\t<div class=\"elementor-container elementor-column-gap-default\">\n\t\t\t\t\t<div class=\"elementor-column elementor-col-100 elementor-top-column elementor-element elementor-element-449253a\" data-id=\"449253a\" data-element_type=\"column\">\n\t\t\t<div class=\"elementor-widget-wrap elementor-element-populated\">\n\t\t\t\t\t\t<div class=\"elementor-element elementor-element-a6d8f07 elementor-widget elementor-widget-spacer\" data-id=\"a6d8f07\" data-element_type=\"widget\" data-widget_type=\"spacer.default\">\n\t\t\t\t<div class=\"elementor-widget-container\">\n\t\t\t\t\t<div class=\"elementor-spacer\">\n\t\t\t<div class=\"elementor-spacer-inner\"><\/div>\n\t\t<\/div>\n\t\t\t\t<\/div>\n\t\t\t\t<\/div>\n\t\t\t\t\t<\/div>\n\t\t<\/div>\n\t\t\t\t\t<\/div>\n\t\t<\/section>\n\t\t\t\t<\/div>\n\t\t","protected":false},"excerpt":{"rendered":"<p>Udost\u0119pnianie kaplicy Na terenie Zak\u0142adu znajduje si\u0119 Komunalny Dom Pogrzebowy wielowyznaniowy. Mie\u015bci si\u0119 w nim 50 miejsc siedz\u0105cych. Na wyposa\u017ceniu posiadamy organy i nag\u0142o\u015bnienie<\/p>\n<p><a href=\"http:\/\/www.zakladpogrzebowy.zory.pl\/index.php\/udostepnianie-kaplicy\/\" class=\"more-link style1-button\">Read More<\/a><\/p>","protected":false},"author":1,"featured_media":0,"parent":0,"menu_order":0,"comment_status":"closed","ping_status":"closed","template":"elementor_header_footer","meta":{"footnotes":""},"yoast_head":"<!-- This site is optimized with the Yoast SEO plugin v22.3 - https:\/\/yoast.com\/wordpress\/plugins\/seo\/ -->\n<title>Udost\u0119pnianie kaplicy | Komunalny Zak\u0142ad Pogrzebowy w \u017borach<\/title>\n<meta name=\"robots\" content=\"index, follow, max-snippet:-1, max-image-preview:large, max-video-preview:-1\" \/>\n<link rel=\"canonical\" href=\"http:\/\/www.zakladpogrzebowy.zory.pl\/index.php\/udostepnianie-kaplicy\/\" \/>\n<meta property=\"og:locale\" content=\"pl_PL\" \/>\n<meta property=\"og:type\" content=\"article\" \/>\n<meta property=\"og:title\" content=\"Udost\u0119pnianie kaplicy | Komunalny Zak\u0142ad Pogrzebowy w \u017borach\" \/>\n<meta property=\"og:description\" content=\"Udost\u0119pnianie kaplicy Na terenie Zak\u0142adu znajduje si\u0119 Komunalny Dom Pogrzebowy wielowyznaniowy. Mie\u015bci si\u0119 w nim 50 miejsc siedz\u0105cych. Na wyposa\u017ceniu posiadamy organy i nag\u0142o\u015bnienie\" \/>\n<meta property=\"og:url\" content=\"http:\/\/www.zakladpogrzebowy.zory.pl\/index.php\/udostepnianie-kaplicy\/\" \/>\n<meta property=\"og:site_name\" content=\"Komunalny Zak\u0142ad Pogrzebowy w \u017borach\" \/>\n<meta property=\"article:modified_time\" content=\"2021-04-30T06:54:49+00:00\" \/>\n<meta name=\"twitter:card\" content=\"summary_large_image\" \/>\n<script type=\"application\/ld+json\" class=\"yoast-schema-graph\">{\"@context\":\"https:\/\/schema.org\",\"@graph\":[{\"@type\":\"WebPage\",\"@id\":\"http:\/\/www.zakladpogrzebowy.zory.pl\/index.php\/udostepnianie-kaplicy\/\",\"url\":\"http:\/\/www.zakladpogrzebowy.zory.pl\/index.php\/udostepnianie-kaplicy\/\",\"name\":\"Udost\u0119pnianie kaplicy | Komunalny Zak\u0142ad Pogrzebowy w \u017borach\",\"isPartOf\":{\"@id\":\"http:\/\/www.zakladpogrzebowy.zory.pl\/#website\"},\"datePublished\":\"2021-03-16T08:04:06+00:00\",\"dateModified\":\"2021-04-30T06:54:49+00:00\",\"breadcrumb\":{\"@id\":\"http:\/\/www.zakladpogrzebowy.zory.pl\/index.php\/udostepnianie-kaplicy\/#breadcrumb\"},\"inLanguage\":\"pl-PL\",\"potentialAction\":[{\"@type\":\"ReadAction\",\"target\":[\"http:\/\/www.zakladpogrzebowy.zory.pl\/index.php\/udostepnianie-kaplicy\/\"]}]},{\"@type\":\"BreadcrumbList\",\"@id\":\"http:\/\/www.zakladpogrzebowy.zory.pl\/index.php\/udostepnianie-kaplicy\/#breadcrumb\",\"itemListElement\":[{\"@type\":\"ListItem\",\"position\":1,\"name\":\"Strona g\u0142\u00f3wna\",\"item\":\"http:\/\/www.zakladpogrzebowy.zory.pl\/\"},{\"@type\":\"ListItem\",\"position\":2,\"name\":\"Udost\u0119pnianie kaplicy\"}]},{\"@type\":\"WebSite\",\"@id\":\"http:\/\/www.zakladpogrzebowy.zory.pl\/#website\",\"url\":\"http:\/\/www.zakladpogrzebowy.zory.pl\/\",\"name\":\"Komunalny Zak\u0142ad Pogrzebowy w \u017borach\",\"description\":\"\",\"publisher\":{\"@id\":\"http:\/\/www.zakladpogrzebowy.zory.pl\/#organization\"},\"potentialAction\":[{\"@type\":\"SearchAction\",\"target\":{\"@type\":\"EntryPoint\",\"urlTemplate\":\"http:\/\/www.zakladpogrzebowy.zory.pl\/?s={search_term_string}\"},\"query-input\":\"required name=search_term_string\"}],\"inLanguage\":\"pl-PL\"},{\"@type\":\"Organization\",\"@id\":\"http:\/\/www.zakladpogrzebowy.zory.pl\/#organization\",\"name\":\"Komunalny Zak\u0142ad Pogrzebowy\",\"url\":\"http:\/\/www.zakladpogrzebowy.zory.pl\/\",\"logo\":{\"@type\":\"ImageObject\",\"inLanguage\":\"pl-PL\",\"@id\":\"http:\/\/www.zakladpogrzebowy.zory.pl\/#\/schema\/logo\/image\/\",\"url\":\"http:\/\/www.zakladpogrzebowy.zory.pl\/wp-content\/uploads\/2021\/03\/9-scaled.jpg\",\"contentUrl\":\"http:\/\/www.zakladpogrzebowy.zory.pl\/wp-content\/uploads\/2021\/03\/9-scaled.jpg\",\"width\":2560,\"height\":1920,\"caption\":\"Komunalny Zak\u0142ad Pogrzebowy\"},\"image\":{\"@id\":\"http:\/\/www.zakladpogrzebowy.zory.pl\/#\/schema\/logo\/image\/\"}}]}<\/script>\n<!-- \/ Yoast SEO plugin. -->","yoast_head_json":{"title":"Udost\u0119pnianie kaplicy | Komunalny Zak\u0142ad Pogrzebowy w \u017borach","robots":{"index":"index","follow":"follow","max-snippet":"max-snippet:-1","max-image-preview":"max-image-preview:large","max-video-preview":"max-video-preview:-1"},"canonical":"http:\/\/www.zakladpogrzebowy.zory.pl\/index.php\/udostepnianie-kaplicy\/","og_locale":"pl_PL","og_type":"article","og_title":"Udost\u0119pnianie kaplicy | Komunalny Zak\u0142ad Pogrzebowy w \u017borach","og_description":"Udost\u0119pnianie kaplicy Na terenie Zak\u0142adu znajduje si\u0119 Komunalny Dom Pogrzebowy wielowyznaniowy. Mie\u015bci si\u0119 w nim 50 miejsc siedz\u0105cych. Na wyposa\u017ceniu posiadamy organy i nag\u0142o\u015bnienie","og_url":"http:\/\/www.zakladpogrzebowy.zory.pl\/index.php\/udostepnianie-kaplicy\/","og_site_name":"Komunalny Zak\u0142ad Pogrzebowy w \u017borach","article_modified_time":"2021-04-30T06:54:49+00:00","twitter_card":"summary_large_image","schema":{"@context":"https:\/\/schema.org","@graph":[{"@type":"WebPage","@id":"http:\/\/www.zakladpogrzebowy.zory.pl\/index.php\/udostepnianie-kaplicy\/","url":"http:\/\/www.zakladpogrzebowy.zory.pl\/index.php\/udostepnianie-kaplicy\/","name":"Udost\u0119pnianie kaplicy | Komunalny Zak\u0142ad Pogrzebowy w \u017borach","isPartOf":{"@id":"http:\/\/www.zakladpogrzebowy.zory.pl\/#website"},"datePublished":"2021-03-16T08:04:06+00:00","dateModified":"2021-04-30T06:54:49+00:00","breadcrumb":{"@id":"http:\/\/www.zakladpogrzebowy.zory.pl\/index.php\/udostepnianie-kaplicy\/#breadcrumb"},"inLanguage":"pl-PL","potentialAction":[{"@type":"ReadAction","target":["http:\/\/www.zakladpogrzebowy.zory.pl\/index.php\/udostepnianie-kaplicy\/"]}]},{"@type":"BreadcrumbList","@id":"http:\/\/www.zakladpogrzebowy.zory.pl\/index.php\/udostepnianie-kaplicy\/#breadcrumb","itemListElement":[{"@type":"ListItem","position":1,"name":"Strona g\u0142\u00f3wna","item":"http:\/\/www.zakladpogrzebowy.zory.pl\/"},{"@type":"ListItem","position":2,"name":"Udost\u0119pnianie kaplicy"}]},{"@type":"WebSite","@id":"http:\/\/www.zakladpogrzebowy.zory.pl\/#website","url":"http:\/\/www.zakladpogrzebowy.zory.pl\/","name":"Komunalny Zak\u0142ad Pogrzebowy w \u017borach","description":"","publisher":{"@id":"http:\/\/www.zakladpogrzebowy.zory.pl\/#organization"},"potentialAction":[{"@type":"SearchAction","target":{"@type":"EntryPoint","urlTemplate":"http:\/\/www.zakladpogrzebowy.zory.pl\/?s={search_term_string}"},"query-input":"required name=search_term_string"}],"inLanguage":"pl-PL"},{"@type":"Organization","@id":"http:\/\/www.zakladpogrzebowy.zory.pl\/#organization","name":"Komunalny Zak\u0142ad Pogrzebowy","url":"http:\/\/www.zakladpogrzebowy.zory.pl\/","logo":{"@type":"ImageObject","inLanguage":"pl-PL","@id":"http:\/\/www.zakladpogrzebowy.zory.pl\/#\/schema\/logo\/image\/","url":"http:\/\/www.zakladpogrzebowy.zory.pl\/wp-content\/uploads\/2021\/03\/9-scaled.jpg","contentUrl":"http:\/\/www.zakladpogrzebowy.zory.pl\/wp-content\/uploads\/2021\/03\/9-scaled.jpg","width":2560,"height":1920,"caption":"Komunalny Zak\u0142ad Pogrzebowy"},"image":{"@id":"http:\/\/www.zakladpogrzebowy.zory.pl\/#\/schema\/logo\/image\/"}}]}},"_links":{"self":[{"href":"http:\/\/www.zakladpogrzebowy.zory.pl\/index.php\/wp-json\/wp\/v2\/pages\/3637"}],"collection":[{"href":"http:\/\/www.zakladpogrzebowy.zory.pl\/index.php\/wp-json\/wp\/v2\/pages"}],"about":[{"href":"http:\/\/www.zakladpogrzebowy.zory.pl\/index.php\/wp-json\/wp\/v2\/types\/page"}],"author":[{"embeddable":true,"href":"http:\/\/www.zakladpogrzebowy.zory.pl\/index.php\/wp-json\/wp\/v2\/users\/1"}],"replies":[{"embeddable":true,"href":"http:\/\/www.zakladpogrzebowy.zory.pl\/index.php\/wp-json\/wp\/v2\/comments?post=3637"}],"version-history":[{"count":6,"href":"http:\/\/www.zakladpogrzebowy.zory.pl\/index.php\/wp-json\/wp\/v2\/pages\/3637\/revisions"}],"predecessor-version":[{"id":3774,"href":"http:\/\/www.zakladpogrzebowy.zory.pl\/index.php\/wp-json\/wp\/v2\/pages\/3637\/revisions\/3774"}],"wp:attachment":[{"href":"http:\/\/www.zakladpogrzebowy.zory.pl\/index.php\/wp-json\/wp\/v2\/media?parent=3637"}],"curies":[{"name":"wp","href":"https:\/\/api.w.org\/{rel}","templated":true}]}}