{"id":3633,"date":"2021-03-16T09:00:39","date_gmt":"2021-03-16T08:00:39","guid":{"rendered":"http:\/\/www.zakladpogrzebowy.zory.pl\/?page_id=3633"},"modified":"2021-04-30T09:06:22","modified_gmt":"2021-04-30T07:06:22","slug":"transport-i-przygotowanie-zwlok","status":"publish","type":"page","link":"http:\/\/www.zakladpogrzebowy.zory.pl\/index.php\/transport-i-przygotowanie-zwlok\/","title":{"rendered":"Transport i przygotowanie zw\u0142ok"},"content":{"rendered":"\t\t<div data-elementor-type=\"wp-post\" data-elementor-id=\"3633\" class=\"elementor elementor-3633\">\n\t\t\t\t\t\t<section class=\"elementor-section elementor-top-section elementor-element elementor-element-c1219f2 elementor-section-boxed elementor-section-height-default elementor-section-height-default\" data-id=\"c1219f2\" data-element_type=\"section\">\n\t\t\t\t\t\t<div class=\"elementor-container elementor-column-gap-default\">\n\t\t\t\t\t<div class=\"elementor-column elementor-col-100 elementor-top-column elementor-element elementor-element-e6b5f66\" data-id=\"e6b5f66\" data-element_type=\"column\">\n\t\t\t<div class=\"elementor-widget-wrap elementor-element-populated\">\n\t\t\t\t\t\t<div class=\"elementor-element elementor-element-e5d1ee9 elementor-widget elementor-widget-spacer\" data-id=\"e5d1ee9\" data-element_type=\"widget\" data-widget_type=\"spacer.default\">\n\t\t\t\t<div class=\"elementor-widget-container\">\n\t\t\t\t\t<div class=\"elementor-spacer\">\n\t\t\t<div class=\"elementor-spacer-inner\"><\/div>\n\t\t<\/div>\n\t\t\t\t<\/div>\n\t\t\t\t<\/div>\n\t\t\t\t\t<\/div>\n\t\t<\/div>\n\t\t\t\t\t<\/div>\n\t\t<\/section>\n\t\t\t\t<section class=\"elementor-section elementor-top-section elementor-element elementor-element-9842d50 elementor-section-boxed elementor-section-height-default elementor-section-height-default\" data-id=\"9842d50\" data-element_type=\"section\">\n\t\t\t\t\t\t<div class=\"elementor-container elementor-column-gap-default\">\n\t\t\t\t\t<div class=\"elementor-column elementor-col-100 elementor-top-column elementor-element elementor-element-11fa54c\" data-id=\"11fa54c\" data-element_type=\"column\">\n\t\t\t<div class=\"elementor-widget-wrap elementor-element-populated\">\n\t\t\t\t\t\t<div class=\"elementor-element elementor-element-6a61f15 elementor-widget elementor-widget-heading\" data-id=\"6a61f15\" data-element_type=\"widget\" data-widget_type=\"heading.default\">\n\t\t\t\t<div class=\"elementor-widget-container\">\n\t\t\t<h1 class=\"elementor-heading-title elementor-size-default\">Transport i przygotowanie zw\u0142ok<\/h1>\t\t<\/div>\n\t\t\t\t<\/div>\n\t\t\t\t\t<\/div>\n\t\t<\/div>\n\t\t\t\t\t<\/div>\n\t\t<\/section>\n\t\t\t\t<section class=\"elementor-section elementor-top-section elementor-element elementor-element-70e953a elementor-section-boxed elementor-section-height-default elementor-section-height-default\" data-id=\"70e953a\" data-element_type=\"section\">\n\t\t\t\t\t\t<div class=\"elementor-container elementor-column-gap-default\">\n\t\t\t\t\t<div class=\"elementor-column elementor-col-100 elementor-top-column elementor-element elementor-element-9984278\" data-id=\"9984278\" data-element_type=\"column\">\n\t\t\t<div class=\"elementor-widget-wrap elementor-element-populated\">\n\t\t\t\t\t\t<div class=\"elementor-element elementor-element-3a6a25c elementor-widget elementor-widget-spacer\" data-id=\"3a6a25c\" data-element_type=\"widget\" data-widget_type=\"spacer.default\">\n\t\t\t\t<div class=\"elementor-widget-container\">\n\t\t\t\t\t<div class=\"elementor-spacer\">\n\t\t\t<div class=\"elementor-spacer-inner\"><\/div>\n\t\t<\/div>\n\t\t\t\t<\/div>\n\t\t\t\t<\/div>\n\t\t\t\t\t<\/div>\n\t\t<\/div>\n\t\t\t\t\t<\/div>\n\t\t<\/section>\n\t\t\t\t<section class=\"elementor-section elementor-top-section elementor-element elementor-element-8fb70e8 elementor-section-boxed elementor-section-height-default elementor-section-height-default\" data-id=\"8fb70e8\" data-element_type=\"section\">\n\t\t\t\t\t\t<div class=\"elementor-container elementor-column-gap-default\">\n\t\t\t\t\t<div class=\"elementor-column elementor-col-100 elementor-top-column elementor-element elementor-element-35b628c\" data-id=\"35b628c\" data-element_type=\"column\">\n\t\t\t<div class=\"elementor-widget-wrap elementor-element-populated\">\n\t\t\t\t\t\t<div class=\"elementor-element elementor-element-f4cb2ba elementor-widget elementor-widget-text-editor\" data-id=\"f4cb2ba\" data-element_type=\"widget\" data-widget_type=\"text-editor.default\">\n\t\t\t\t<div class=\"elementor-widget-container\">\n\t\t\t\t\t\t\t<p><strong>\u015awiadczymy us\u0142ug\u0119 transportu cia\u0142a zmar\u0142ego z \u017bor oraz okolicznych miast. Osob\u0119 zmar\u0142\u0105 mo\u017cemy odebra\u0107 z dowolnego miejsca wskazanego przez Pa\u0144stwa, zar\u00f3wno z domu, jak i ze szpitala czy hospicjum. Dysponujemy nowoczesnymi samochodami, kt\u00f3re s\u0105 w pe\u0142ni przystosowane do przewozu os\u00f3b zmar\u0142ych. Wszyscy nasi pracownicy przeszli specjalne szkolenie, maj\u0105 tak\u017ce du\u017ce do\u015bwiadczenie w tej pracy. Dzi\u0119ki temu mo\u017cemy zagwarantowa\u0107, \u017ce oka\u017c\u0105 nale\u017cyty szacunek zar\u00f3wno Pa\u0144stwu, jak i przewo\u017conemu zmar\u0142emu.<span class=\"Apple-converted-space\">\u00a0<\/span><\/strong><\/p><p>Cia\u0142o zmar\u0142ego przewo\u017cone jest do pomieszcze\u0144 ch\u0142odniczych znajduj\u0105cych si\u0119 w budynku naszego Komunalnego Domu Pogrzebowego. Do\u015bwiadczeni pracownicy zajmuj\u0105 si\u0119 przygotowaniem cia\u0142 zmar\u0142ych do poch\u00f3wku. Wykonuj\u0105 niezb\u0119dne czynno\u015bci higieniczne, czyli tanatotoalet\u0119, ubieraj\u0105 w odpowiedni\u0105 odzie\u017c oraz tanatokosmetyk\u0119.<\/p>\t\t\t\t\t\t<\/div>\n\t\t\t\t<\/div>\n\t\t\t\t\t<\/div>\n\t\t<\/div>\n\t\t\t\t\t<\/div>\n\t\t<\/section>\n\t\t\t\t<section class=\"elementor-section elementor-top-section elementor-element elementor-element-4420db8 elementor-section-boxed elementor-section-height-default elementor-section-height-default\" data-id=\"4420db8\" data-element_type=\"section\">\n\t\t\t\t\t\t<div class=\"elementor-container elementor-column-gap-default\">\n\t\t\t\t\t<div class=\"elementor-column elementor-col-100 elementor-top-column elementor-element elementor-element-d635520\" data-id=\"d635520\" data-element_type=\"column\" data-settings=\"{&quot;background_background&quot;:&quot;slideshow&quot;,&quot;background_slideshow_gallery&quot;:[{&quot;id&quot;:3493,&quot;url&quot;:&quot;http:\\\/\\\/www.zakladpogrzebowy.zory.pl\\\/wp-content\\\/uploads\\\/2021\\\/03\\\/2-scaled.jpg&quot;},{&quot;id&quot;:3459,&quot;url&quot;:&quot;http:\\\/\\\/www.zakladpogrzebowy.zory.pl\\\/wp-content\\\/uploads\\\/2021\\\/03\\\/9-scaled.jpg&quot;}],&quot;background_slideshow_ken_burns&quot;:&quot;yes&quot;,&quot;background_slideshow_loop&quot;:&quot;yes&quot;,&quot;background_slideshow_slide_duration&quot;:5000,&quot;background_slideshow_slide_transition&quot;:&quot;fade&quot;,&quot;background_slideshow_transition_duration&quot;:500,&quot;background_slideshow_ken_burns_zoom_direction&quot;:&quot;in&quot;}\">\n\t\t\t<div class=\"elementor-widget-wrap elementor-element-populated\">\n\t\t\t\t\t\t<div class=\"elementor-element elementor-element-148fbbe elementor-widget elementor-widget-spacer\" data-id=\"148fbbe\" data-element_type=\"widget\" data-widget_type=\"spacer.default\">\n\t\t\t\t<div class=\"elementor-widget-container\">\n\t\t\t\t\t<div class=\"elementor-spacer\">\n\t\t\t<div class=\"elementor-spacer-inner\"><\/div>\n\t\t<\/div>\n\t\t\t\t<\/div>\n\t\t\t\t<\/div>\n\t\t\t\t\t<\/div>\n\t\t<\/div>\n\t\t\t\t\t<\/div>\n\t\t<\/section>\n\t\t\t\t<section class=\"elementor-section elementor-top-section elementor-element elementor-element-7d1e843 elementor-section-boxed elementor-section-height-default elementor-section-height-default\" data-id=\"7d1e843\" data-element_type=\"section\">\n\t\t\t\t\t\t<div class=\"elementor-container elementor-column-gap-default\">\n\t\t\t\t\t<div class=\"elementor-column elementor-col-100 elementor-top-column elementor-element elementor-element-35352bd\" data-id=\"35352bd\" data-element_type=\"column\">\n\t\t\t<div class=\"elementor-widget-wrap elementor-element-populated\">\n\t\t\t\t\t\t<div class=\"elementor-element elementor-element-47e15b7 elementor-widget elementor-widget-spacer\" data-id=\"47e15b7\" data-element_type=\"widget\" data-widget_type=\"spacer.default\">\n\t\t\t\t<div class=\"elementor-widget-container\">\n\t\t\t\t\t<div class=\"elementor-spacer\">\n\t\t\t<div class=\"elementor-spacer-inner\"><\/div>\n\t\t<\/div>\n\t\t\t\t<\/div>\n\t\t\t\t<\/div>\n\t\t\t\t\t<\/div>\n\t\t<\/div>\n\t\t\t\t\t<\/div>\n\t\t<\/section>\n\t\t\t\t<\/div>\n\t\t","protected":false},"excerpt":{"rendered":"<p>Transport i przygotowanie zw\u0142ok \u015awiadczymy us\u0142ug\u0119 transportu cia\u0142a zmar\u0142ego z \u017bor oraz okolicznych miast. Osob\u0119 zmar\u0142\u0105 mo\u017cemy odebra\u0107 z dowolnego miejsca wskazanego przez Pa\u0144stwa, zar\u00f3wno z domu, jak i ze [&hellip;]<\/p>\n<p><a href=\"http:\/\/www.zakladpogrzebowy.zory.pl\/index.php\/transport-i-przygotowanie-zwlok\/\" class=\"more-link style1-button\">Read More<\/a><\/p>","protected":false},"author":1,"featured_media":0,"parent":0,"menu_order":0,"comment_status":"closed","ping_status":"closed","template":"elementor_header_footer","meta":{"footnotes":""},"yoast_head":"<!-- This site is optimized with the Yoast SEO plugin v22.3 - https:\/\/yoast.com\/wordpress\/plugins\/seo\/ -->\n<title>Transport i przygotowanie zw\u0142ok | Komunalny Zak\u0142ad Pogrzebowy w \u017borach<\/title>\n<meta name=\"robots\" content=\"index, follow, max-snippet:-1, max-image-preview:large, max-video-preview:-1\" \/>\n<link rel=\"canonical\" href=\"http:\/\/www.zakladpogrzebowy.zory.pl\/index.php\/transport-i-przygotowanie-zwlok\/\" \/>\n<meta property=\"og:locale\" content=\"pl_PL\" \/>\n<meta property=\"og:type\" content=\"article\" \/>\n<meta property=\"og:title\" content=\"Transport i przygotowanie zw\u0142ok | Komunalny Zak\u0142ad Pogrzebowy w \u017borach\" \/>\n<meta property=\"og:description\" content=\"Transport i przygotowanie zw\u0142ok \u015awiadczymy us\u0142ug\u0119 transportu cia\u0142a zmar\u0142ego z \u017bor oraz okolicznych miast. Osob\u0119 zmar\u0142\u0105 mo\u017cemy odebra\u0107 z dowolnego miejsca wskazanego przez Pa\u0144stwa, zar\u00f3wno z domu, jak i ze [&hellip;]\" \/>\n<meta property=\"og:url\" content=\"http:\/\/www.zakladpogrzebowy.zory.pl\/index.php\/transport-i-przygotowanie-zwlok\/\" \/>\n<meta property=\"og:site_name\" content=\"Komunalny Zak\u0142ad Pogrzebowy w \u017borach\" \/>\n<meta property=\"article:modified_time\" content=\"2021-04-30T07:06:22+00:00\" \/>\n<meta name=\"twitter:card\" content=\"summary_large_image\" \/>\n<meta name=\"twitter:label1\" content=\"Szacowany czas czytania\" \/>\n\t<meta name=\"twitter:data1\" content=\"1 minuta\" \/>\n<script type=\"application\/ld+json\" class=\"yoast-schema-graph\">{\"@context\":\"https:\/\/schema.org\",\"@graph\":[{\"@type\":\"WebPage\",\"@id\":\"http:\/\/www.zakladpogrzebowy.zory.pl\/index.php\/transport-i-przygotowanie-zwlok\/\",\"url\":\"http:\/\/www.zakladpogrzebowy.zory.pl\/index.php\/transport-i-przygotowanie-zwlok\/\",\"name\":\"Transport i przygotowanie zw\u0142ok | Komunalny Zak\u0142ad Pogrzebowy w \u017borach\",\"isPartOf\":{\"@id\":\"http:\/\/www.zakladpogrzebowy.zory.pl\/#website\"},\"datePublished\":\"2021-03-16T08:00:39+00:00\",\"dateModified\":\"2021-04-30T07:06:22+00:00\",\"breadcrumb\":{\"@id\":\"http:\/\/www.zakladpogrzebowy.zory.pl\/index.php\/transport-i-przygotowanie-zwlok\/#breadcrumb\"},\"inLanguage\":\"pl-PL\",\"potentialAction\":[{\"@type\":\"ReadAction\",\"target\":[\"http:\/\/www.zakladpogrzebowy.zory.pl\/index.php\/transport-i-przygotowanie-zwlok\/\"]}]},{\"@type\":\"BreadcrumbList\",\"@id\":\"http:\/\/www.zakladpogrzebowy.zory.pl\/index.php\/transport-i-przygotowanie-zwlok\/#breadcrumb\",\"itemListElement\":[{\"@type\":\"ListItem\",\"position\":1,\"name\":\"Strona g\u0142\u00f3wna\",\"item\":\"http:\/\/www.zakladpogrzebowy.zory.pl\/\"},{\"@type\":\"ListItem\",\"position\":2,\"name\":\"Transport i przygotowanie zw\u0142ok\"}]},{\"@type\":\"WebSite\",\"@id\":\"http:\/\/www.zakladpogrzebowy.zory.pl\/#website\",\"url\":\"http:\/\/www.zakladpogrzebowy.zory.pl\/\",\"name\":\"Komunalny Zak\u0142ad Pogrzebowy w \u017borach\",\"description\":\"\",\"publisher\":{\"@id\":\"http:\/\/www.zakladpogrzebowy.zory.pl\/#organization\"},\"potentialAction\":[{\"@type\":\"SearchAction\",\"target\":{\"@type\":\"EntryPoint\",\"urlTemplate\":\"http:\/\/www.zakladpogrzebowy.zory.pl\/?s={search_term_string}\"},\"query-input\":\"required name=search_term_string\"}],\"inLanguage\":\"pl-PL\"},{\"@type\":\"Organization\",\"@id\":\"http:\/\/www.zakladpogrzebowy.zory.pl\/#organization\",\"name\":\"Komunalny Zak\u0142ad Pogrzebowy\",\"url\":\"http:\/\/www.zakladpogrzebowy.zory.pl\/\",\"logo\":{\"@type\":\"ImageObject\",\"inLanguage\":\"pl-PL\",\"@id\":\"http:\/\/www.zakladpogrzebowy.zory.pl\/#\/schema\/logo\/image\/\",\"url\":\"http:\/\/www.zakladpogrzebowy.zory.pl\/wp-content\/uploads\/2021\/03\/9-scaled.jpg\",\"contentUrl\":\"http:\/\/www.zakladpogrzebowy.zory.pl\/wp-content\/uploads\/2021\/03\/9-scaled.jpg\",\"width\":2560,\"height\":1920,\"caption\":\"Komunalny Zak\u0142ad Pogrzebowy\"},\"image\":{\"@id\":\"http:\/\/www.zakladpogrzebowy.zory.pl\/#\/schema\/logo\/image\/\"}}]}<\/script>\n<!-- \/ Yoast SEO plugin. -->","yoast_head_json":{"title":"Transport i przygotowanie zw\u0142ok | Komunalny Zak\u0142ad Pogrzebowy w \u017borach","robots":{"index":"index","follow":"follow","max-snippet":"max-snippet:-1","max-image-preview":"max-image-preview:large","max-video-preview":"max-video-preview:-1"},"canonical":"http:\/\/www.zakladpogrzebowy.zory.pl\/index.php\/transport-i-przygotowanie-zwlok\/","og_locale":"pl_PL","og_type":"article","og_title":"Transport i przygotowanie zw\u0142ok | Komunalny Zak\u0142ad Pogrzebowy w \u017borach","og_description":"Transport i przygotowanie zw\u0142ok \u015awiadczymy us\u0142ug\u0119 transportu cia\u0142a zmar\u0142ego z \u017bor oraz okolicznych miast. Osob\u0119 zmar\u0142\u0105 mo\u017cemy odebra\u0107 z dowolnego miejsca wskazanego przez Pa\u0144stwa, zar\u00f3wno z domu, jak i ze [&hellip;]","og_url":"http:\/\/www.zakladpogrzebowy.zory.pl\/index.php\/transport-i-przygotowanie-zwlok\/","og_site_name":"Komunalny Zak\u0142ad Pogrzebowy w \u017borach","article_modified_time":"2021-04-30T07:06:22+00:00","twitter_card":"summary_large_image","twitter_misc":{"Szacowany czas czytania":"1 minuta"},"schema":{"@context":"https:\/\/schema.org","@graph":[{"@type":"WebPage","@id":"http:\/\/www.zakladpogrzebowy.zory.pl\/index.php\/transport-i-przygotowanie-zwlok\/","url":"http:\/\/www.zakladpogrzebowy.zory.pl\/index.php\/transport-i-przygotowanie-zwlok\/","name":"Transport i przygotowanie zw\u0142ok | Komunalny Zak\u0142ad Pogrzebowy w \u017borach","isPartOf":{"@id":"http:\/\/www.zakladpogrzebowy.zory.pl\/#website"},"datePublished":"2021-03-16T08:00:39+00:00","dateModified":"2021-04-30T07:06:22+00:00","breadcrumb":{"@id":"http:\/\/www.zakladpogrzebowy.zory.pl\/index.php\/transport-i-przygotowanie-zwlok\/#breadcrumb"},"inLanguage":"pl-PL","potentialAction":[{"@type":"ReadAction","target":["http:\/\/www.zakladpogrzebowy.zory.pl\/index.php\/transport-i-przygotowanie-zwlok\/"]}]},{"@type":"BreadcrumbList","@id":"http:\/\/www.zakladpogrzebowy.zory.pl\/index.php\/transport-i-przygotowanie-zwlok\/#breadcrumb","itemListElement":[{"@type":"ListItem","position":1,"name":"Strona g\u0142\u00f3wna","item":"http:\/\/www.zakladpogrzebowy.zory.pl\/"},{"@type":"ListItem","position":2,"name":"Transport i przygotowanie zw\u0142ok"}]},{"@type":"WebSite","@id":"http:\/\/www.zakladpogrzebowy.zory.pl\/#website","url":"http:\/\/www.zakladpogrzebowy.zory.pl\/","name":"Komunalny Zak\u0142ad Pogrzebowy w \u017borach","description":"","publisher":{"@id":"http:\/\/www.zakladpogrzebowy.zory.pl\/#organization"},"potentialAction":[{"@type":"SearchAction","target":{"@type":"EntryPoint","urlTemplate":"http:\/\/www.zakladpogrzebowy.zory.pl\/?s={search_term_string}"},"query-input":"required name=search_term_string"}],"inLanguage":"pl-PL"},{"@type":"Organization","@id":"http:\/\/www.zakladpogrzebowy.zory.pl\/#organization","name":"Komunalny Zak\u0142ad Pogrzebowy","url":"http:\/\/www.zakladpogrzebowy.zory.pl\/","logo":{"@type":"ImageObject","inLanguage":"pl-PL","@id":"http:\/\/www.zakladpogrzebowy.zory.pl\/#\/schema\/logo\/image\/","url":"http:\/\/www.zakladpogrzebowy.zory.pl\/wp-content\/uploads\/2021\/03\/9-scaled.jpg","contentUrl":"http:\/\/www.zakladpogrzebowy.zory.pl\/wp-content\/uploads\/2021\/03\/9-scaled.jpg","width":2560,"height":1920,"caption":"Komunalny Zak\u0142ad Pogrzebowy"},"image":{"@id":"http:\/\/www.zakladpogrzebowy.zory.pl\/#\/schema\/logo\/image\/"}}]}},"_links":{"self":[{"href":"http:\/\/www.zakladpogrzebowy.zory.pl\/index.php\/wp-json\/wp\/v2\/pages\/3633"}],"collection":[{"href":"http:\/\/www.zakladpogrzebowy.zory.pl\/index.php\/wp-json\/wp\/v2\/pages"}],"about":[{"href":"http:\/\/www.zakladpogrzebowy.zory.pl\/index.php\/wp-json\/wp\/v2\/types\/page"}],"author":[{"embeddable":true,"href":"http:\/\/www.zakladpogrzebowy.zory.pl\/index.php\/wp-json\/wp\/v2\/users\/1"}],"replies":[{"embeddable":true,"href":"http:\/\/www.zakladpogrzebowy.zory.pl\/index.php\/wp-json\/wp\/v2\/comments?post=3633"}],"version-history":[{"count":6,"href":"http:\/\/www.zakladpogrzebowy.zory.pl\/index.php\/wp-json\/wp\/v2\/pages\/3633\/revisions"}],"predecessor-version":[{"id":3781,"href":"http:\/\/www.zakladpogrzebowy.zory.pl\/index.php\/wp-json\/wp\/v2\/pages\/3633\/revisions\/3781"}],"wp:attachment":[{"href":"http:\/\/www.zakladpogrzebowy.zory.pl\/index.php\/wp-json\/wp\/v2\/media?parent=3633"}],"curies":[{"name":"wp","href":"https:\/\/api.w.org\/{rel}","templated":true}]}}