{"id":3627,"date":"2021-03-16T08:59:18","date_gmt":"2021-03-16T07:59:18","guid":{"rendered":"http:\/\/www.zakladpogrzebowy.zory.pl\/?page_id=3627"},"modified":"2021-04-30T09:05:35","modified_gmt":"2021-04-30T07:05:35","slug":"kremacja-2","status":"publish","type":"page","link":"http:\/\/www.zakladpogrzebowy.zory.pl\/index.php\/kremacja-2\/","title":{"rendered":"Kremacja"},"content":{"rendered":"\t\t<div data-elementor-type=\"wp-post\" data-elementor-id=\"3627\" class=\"elementor elementor-3627\">\n\t\t\t\t\t\t<section class=\"elementor-section elementor-top-section elementor-element elementor-element-b249d63 elementor-section-boxed elementor-section-height-default elementor-section-height-default\" data-id=\"b249d63\" data-element_type=\"section\">\n\t\t\t\t\t\t<div class=\"elementor-container elementor-column-gap-default\">\n\t\t\t\t\t<div class=\"elementor-column elementor-col-100 elementor-top-column elementor-element elementor-element-a09e8fa\" data-id=\"a09e8fa\" data-element_type=\"column\">\n\t\t\t<div class=\"elementor-widget-wrap elementor-element-populated\">\n\t\t\t\t\t\t<div class=\"elementor-element elementor-element-9707e64 elementor-widget elementor-widget-spacer\" data-id=\"9707e64\" data-element_type=\"widget\" data-widget_type=\"spacer.default\">\n\t\t\t\t<div class=\"elementor-widget-container\">\n\t\t\t\t\t<div class=\"elementor-spacer\">\n\t\t\t<div class=\"elementor-spacer-inner\"><\/div>\n\t\t<\/div>\n\t\t\t\t<\/div>\n\t\t\t\t<\/div>\n\t\t\t\t\t<\/div>\n\t\t<\/div>\n\t\t\t\t\t<\/div>\n\t\t<\/section>\n\t\t\t\t<section class=\"elementor-section elementor-top-section elementor-element elementor-element-99b598d elementor-section-boxed elementor-section-height-default elementor-section-height-default\" data-id=\"99b598d\" data-element_type=\"section\">\n\t\t\t\t\t\t<div class=\"elementor-container elementor-column-gap-default\">\n\t\t\t\t\t<div class=\"elementor-column elementor-col-100 elementor-top-column elementor-element elementor-element-ca5b18d\" data-id=\"ca5b18d\" data-element_type=\"column\">\n\t\t\t<div class=\"elementor-widget-wrap elementor-element-populated\">\n\t\t\t\t\t\t<div class=\"elementor-element elementor-element-9f67f7a elementor-widget elementor-widget-heading\" data-id=\"9f67f7a\" data-element_type=\"widget\" data-widget_type=\"heading.default\">\n\t\t\t\t<div class=\"elementor-widget-container\">\n\t\t\t<h1 class=\"elementor-heading-title elementor-size-default\">Kremacja<\/h1>\t\t<\/div>\n\t\t\t\t<\/div>\n\t\t\t\t\t<\/div>\n\t\t<\/div>\n\t\t\t\t\t<\/div>\n\t\t<\/section>\n\t\t\t\t<section class=\"elementor-section elementor-top-section elementor-element elementor-element-bcdbbad elementor-section-boxed elementor-section-height-default elementor-section-height-default\" data-id=\"bcdbbad\" data-element_type=\"section\">\n\t\t\t\t\t\t<div class=\"elementor-container elementor-column-gap-default\">\n\t\t\t\t\t<div class=\"elementor-column elementor-col-100 elementor-top-column elementor-element elementor-element-968b8ee\" data-id=\"968b8ee\" data-element_type=\"column\">\n\t\t\t<div class=\"elementor-widget-wrap elementor-element-populated\">\n\t\t\t\t\t\t<div class=\"elementor-element elementor-element-419288f elementor-widget elementor-widget-spacer\" data-id=\"419288f\" data-element_type=\"widget\" data-widget_type=\"spacer.default\">\n\t\t\t\t<div class=\"elementor-widget-container\">\n\t\t\t\t\t<div class=\"elementor-spacer\">\n\t\t\t<div class=\"elementor-spacer-inner\"><\/div>\n\t\t<\/div>\n\t\t\t\t<\/div>\n\t\t\t\t<\/div>\n\t\t\t\t\t<\/div>\n\t\t<\/div>\n\t\t\t\t\t<\/div>\n\t\t<\/section>\n\t\t\t\t<section class=\"elementor-section elementor-top-section elementor-element elementor-element-b94cb56 elementor-section-boxed elementor-section-height-default elementor-section-height-default\" data-id=\"b94cb56\" data-element_type=\"section\">\n\t\t\t\t\t\t<div class=\"elementor-container elementor-column-gap-default\">\n\t\t\t\t\t<div class=\"elementor-column elementor-col-100 elementor-top-column elementor-element elementor-element-8b43b63\" data-id=\"8b43b63\" data-element_type=\"column\">\n\t\t\t<div class=\"elementor-widget-wrap elementor-element-populated\">\n\t\t\t\t\t\t<div class=\"elementor-element elementor-element-c814e7c elementor-widget elementor-widget-text-editor\" data-id=\"c814e7c\" data-element_type=\"widget\" data-widget_type=\"text-editor.default\">\n\t\t\t\t<div class=\"elementor-widget-container\">\n\t\t\t\t\t\t\t<p><strong>W pobli\u017cu Komunalnego Zak\u0142adu Pogrzebowego w \u017borach znajduje si\u0119 krematorium, dzi\u0119ki czemu mo\u017cemy znacznie ograniczy\u0107 koszty i czas wykonania us\u0142ugi. W naszej ofercie znajd\u0105 Pa\u0144stwo tak\u017ce szeroki wyb\u00f3r urn z r\u00f3\u017cnych materia\u0142\u00f3w.<span class=\"Apple-converted-space\">\u00a0<\/span><\/strong><\/p><p>Kremacja jest procesem uznawanym przez wi\u0119kszo\u015b\u0107 religii, tak\u017ce przez Ko\u015bci\u00f3\u0142 Katolicki. Wiele os\u00f3b wybiera j\u0105 r\u00f3wnie\u017c ze wzgl\u0119du na w\u0142asn\u0105 wra\u017cliwo\u015b\u0107.<span class=\"Apple-converted-space\">\u00a0<\/span><\/p>\t\t\t\t\t\t<\/div>\n\t\t\t\t<\/div>\n\t\t\t\t\t<\/div>\n\t\t<\/div>\n\t\t\t\t\t<\/div>\n\t\t<\/section>\n\t\t\t\t<section class=\"elementor-section elementor-top-section elementor-element elementor-element-1523d93 elementor-section-stretched elementor-section-boxed elementor-section-height-default elementor-section-height-default\" data-id=\"1523d93\" data-element_type=\"section\" data-settings=\"{&quot;stretch_section&quot;:&quot;section-stretched&quot;}\">\n\t\t\t\t\t\t<div class=\"elementor-container elementor-column-gap-default\">\n\t\t\t\t\t<div class=\"elementor-column elementor-col-100 elementor-top-column elementor-element elementor-element-1a3d27f\" data-id=\"1a3d27f\" data-element_type=\"column\" data-settings=\"{&quot;background_background&quot;:&quot;slideshow&quot;,&quot;background_slideshow_gallery&quot;:[{&quot;id&quot;:3763,&quot;url&quot;:&quot;http:\\\/\\\/www.zakladpogrzebowy.zory.pl\\\/wp-content\\\/uploads\\\/2021\\\/04\\\/krematorium_.jpg&quot;},{&quot;id&quot;:3502,&quot;url&quot;:&quot;http:\\\/\\\/www.zakladpogrzebowy.zory.pl\\\/wp-content\\\/uploads\\\/2021\\\/03\\\/kremacja.png&quot;}],&quot;background_slideshow_ken_burns&quot;:&quot;yes&quot;,&quot;background_slideshow_loop&quot;:&quot;yes&quot;,&quot;background_slideshow_slide_duration&quot;:5000,&quot;background_slideshow_slide_transition&quot;:&quot;fade&quot;,&quot;background_slideshow_transition_duration&quot;:500,&quot;background_slideshow_ken_burns_zoom_direction&quot;:&quot;in&quot;}\">\n\t\t\t<div class=\"elementor-widget-wrap elementor-element-populated\">\n\t\t\t\t\t\t<div class=\"elementor-element elementor-element-9bfc74e elementor-widget elementor-widget-spacer\" data-id=\"9bfc74e\" data-element_type=\"widget\" data-widget_type=\"spacer.default\">\n\t\t\t\t<div class=\"elementor-widget-container\">\n\t\t\t\t\t<div class=\"elementor-spacer\">\n\t\t\t<div class=\"elementor-spacer-inner\"><\/div>\n\t\t<\/div>\n\t\t\t\t<\/div>\n\t\t\t\t<\/div>\n\t\t\t\t\t<\/div>\n\t\t<\/div>\n\t\t\t\t\t<\/div>\n\t\t<\/section>\n\t\t\t\t<section class=\"elementor-section elementor-top-section elementor-element elementor-element-bffe935 elementor-section-boxed elementor-section-height-default elementor-section-height-default\" data-id=\"bffe935\" data-element_type=\"section\">\n\t\t\t\t\t\t<div class=\"elementor-container elementor-column-gap-default\">\n\t\t\t\t\t<div class=\"elementor-column elementor-col-100 elementor-top-column elementor-element elementor-element-1d47743\" data-id=\"1d47743\" data-element_type=\"column\">\n\t\t\t<div class=\"elementor-widget-wrap elementor-element-populated\">\n\t\t\t\t\t\t<div class=\"elementor-element elementor-element-719e683 elementor-widget elementor-widget-spacer\" data-id=\"719e683\" data-element_type=\"widget\" data-widget_type=\"spacer.default\">\n\t\t\t\t<div class=\"elementor-widget-container\">\n\t\t\t\t\t<div class=\"elementor-spacer\">\n\t\t\t<div class=\"elementor-spacer-inner\"><\/div>\n\t\t<\/div>\n\t\t\t\t<\/div>\n\t\t\t\t<\/div>\n\t\t\t\t\t<\/div>\n\t\t<\/div>\n\t\t\t\t\t<\/div>\n\t\t<\/section>\n\t\t\t\t<\/div>\n\t\t","protected":false},"excerpt":{"rendered":"<p>Kremacja W pobli\u017cu Komunalnego Zak\u0142adu Pogrzebowego w \u017borach znajduje si\u0119 krematorium, dzi\u0119ki czemu mo\u017cemy znacznie ograniczy\u0107 koszty i czas wykonania us\u0142ugi. W naszej ofercie znajd\u0105 Pa\u0144stwo tak\u017ce szeroki wyb\u00f3r urn [&hellip;]<\/p>\n<p><a href=\"http:\/\/www.zakladpogrzebowy.zory.pl\/index.php\/kremacja-2\/\" class=\"more-link style1-button\">Read More<\/a><\/p>","protected":false},"author":1,"featured_media":0,"parent":0,"menu_order":0,"comment_status":"closed","ping_status":"closed","template":"elementor_header_footer","meta":{"footnotes":""},"yoast_head":"<!-- This site is optimized with the Yoast SEO plugin v22.3 - https:\/\/yoast.com\/wordpress\/plugins\/seo\/ -->\n<title>Kremacja | Komunalny Zak\u0142ad Pogrzebowy w \u017borach<\/title>\n<meta name=\"robots\" content=\"index, follow, max-snippet:-1, max-image-preview:large, max-video-preview:-1\" \/>\n<link rel=\"canonical\" href=\"http:\/\/www.zakladpogrzebowy.zory.pl\/index.php\/kremacja-2\/\" \/>\n<meta property=\"og:locale\" content=\"pl_PL\" \/>\n<meta property=\"og:type\" content=\"article\" \/>\n<meta property=\"og:title\" content=\"Kremacja | Komunalny Zak\u0142ad Pogrzebowy w \u017borach\" \/>\n<meta property=\"og:description\" content=\"Kremacja W pobli\u017cu Komunalnego Zak\u0142adu Pogrzebowego w \u017borach znajduje si\u0119 krematorium, dzi\u0119ki czemu mo\u017cemy znacznie ograniczy\u0107 koszty i czas wykonania us\u0142ugi. W naszej ofercie znajd\u0105 Pa\u0144stwo tak\u017ce szeroki wyb\u00f3r urn [&hellip;]\" \/>\n<meta property=\"og:url\" content=\"http:\/\/www.zakladpogrzebowy.zory.pl\/index.php\/kremacja-2\/\" \/>\n<meta property=\"og:site_name\" content=\"Komunalny Zak\u0142ad Pogrzebowy w \u017borach\" \/>\n<meta property=\"article:modified_time\" content=\"2021-04-30T07:05:35+00:00\" \/>\n<meta name=\"twitter:card\" content=\"summary_large_image\" \/>\n<script type=\"application\/ld+json\" class=\"yoast-schema-graph\">{\"@context\":\"https:\/\/schema.org\",\"@graph\":[{\"@type\":\"WebPage\",\"@id\":\"http:\/\/www.zakladpogrzebowy.zory.pl\/index.php\/kremacja-2\/\",\"url\":\"http:\/\/www.zakladpogrzebowy.zory.pl\/index.php\/kremacja-2\/\",\"name\":\"Kremacja | Komunalny Zak\u0142ad Pogrzebowy w \u017borach\",\"isPartOf\":{\"@id\":\"http:\/\/www.zakladpogrzebowy.zory.pl\/#website\"},\"datePublished\":\"2021-03-16T07:59:18+00:00\",\"dateModified\":\"2021-04-30T07:05:35+00:00\",\"breadcrumb\":{\"@id\":\"http:\/\/www.zakladpogrzebowy.zory.pl\/index.php\/kremacja-2\/#breadcrumb\"},\"inLanguage\":\"pl-PL\",\"potentialAction\":[{\"@type\":\"ReadAction\",\"target\":[\"http:\/\/www.zakladpogrzebowy.zory.pl\/index.php\/kremacja-2\/\"]}]},{\"@type\":\"BreadcrumbList\",\"@id\":\"http:\/\/www.zakladpogrzebowy.zory.pl\/index.php\/kremacja-2\/#breadcrumb\",\"itemListElement\":[{\"@type\":\"ListItem\",\"position\":1,\"name\":\"Strona g\u0142\u00f3wna\",\"item\":\"http:\/\/www.zakladpogrzebowy.zory.pl\/\"},{\"@type\":\"ListItem\",\"position\":2,\"name\":\"Kremacja\"}]},{\"@type\":\"WebSite\",\"@id\":\"http:\/\/www.zakladpogrzebowy.zory.pl\/#website\",\"url\":\"http:\/\/www.zakladpogrzebowy.zory.pl\/\",\"name\":\"Komunalny Zak\u0142ad Pogrzebowy w \u017borach\",\"description\":\"\",\"publisher\":{\"@id\":\"http:\/\/www.zakladpogrzebowy.zory.pl\/#organization\"},\"potentialAction\":[{\"@type\":\"SearchAction\",\"target\":{\"@type\":\"EntryPoint\",\"urlTemplate\":\"http:\/\/www.zakladpogrzebowy.zory.pl\/?s={search_term_string}\"},\"query-input\":\"required name=search_term_string\"}],\"inLanguage\":\"pl-PL\"},{\"@type\":\"Organization\",\"@id\":\"http:\/\/www.zakladpogrzebowy.zory.pl\/#organization\",\"name\":\"Komunalny Zak\u0142ad Pogrzebowy\",\"url\":\"http:\/\/www.zakladpogrzebowy.zory.pl\/\",\"logo\":{\"@type\":\"ImageObject\",\"inLanguage\":\"pl-PL\",\"@id\":\"http:\/\/www.zakladpogrzebowy.zory.pl\/#\/schema\/logo\/image\/\",\"url\":\"http:\/\/www.zakladpogrzebowy.zory.pl\/wp-content\/uploads\/2021\/03\/9-scaled.jpg\",\"contentUrl\":\"http:\/\/www.zakladpogrzebowy.zory.pl\/wp-content\/uploads\/2021\/03\/9-scaled.jpg\",\"width\":2560,\"height\":1920,\"caption\":\"Komunalny Zak\u0142ad Pogrzebowy\"},\"image\":{\"@id\":\"http:\/\/www.zakladpogrzebowy.zory.pl\/#\/schema\/logo\/image\/\"}}]}<\/script>\n<!-- \/ Yoast SEO plugin. -->","yoast_head_json":{"title":"Kremacja | Komunalny Zak\u0142ad Pogrzebowy w \u017borach","robots":{"index":"index","follow":"follow","max-snippet":"max-snippet:-1","max-image-preview":"max-image-preview:large","max-video-preview":"max-video-preview:-1"},"canonical":"http:\/\/www.zakladpogrzebowy.zory.pl\/index.php\/kremacja-2\/","og_locale":"pl_PL","og_type":"article","og_title":"Kremacja | Komunalny Zak\u0142ad Pogrzebowy w \u017borach","og_description":"Kremacja W pobli\u017cu Komunalnego Zak\u0142adu Pogrzebowego w \u017borach znajduje si\u0119 krematorium, dzi\u0119ki czemu mo\u017cemy znacznie ograniczy\u0107 koszty i czas wykonania us\u0142ugi. W naszej ofercie znajd\u0105 Pa\u0144stwo tak\u017ce szeroki wyb\u00f3r urn [&hellip;]","og_url":"http:\/\/www.zakladpogrzebowy.zory.pl\/index.php\/kremacja-2\/","og_site_name":"Komunalny Zak\u0142ad Pogrzebowy w \u017borach","article_modified_time":"2021-04-30T07:05:35+00:00","twitter_card":"summary_large_image","schema":{"@context":"https:\/\/schema.org","@graph":[{"@type":"WebPage","@id":"http:\/\/www.zakladpogrzebowy.zory.pl\/index.php\/kremacja-2\/","url":"http:\/\/www.zakladpogrzebowy.zory.pl\/index.php\/kremacja-2\/","name":"Kremacja | Komunalny Zak\u0142ad Pogrzebowy w \u017borach","isPartOf":{"@id":"http:\/\/www.zakladpogrzebowy.zory.pl\/#website"},"datePublished":"2021-03-16T07:59:18+00:00","dateModified":"2021-04-30T07:05:35+00:00","breadcrumb":{"@id":"http:\/\/www.zakladpogrzebowy.zory.pl\/index.php\/kremacja-2\/#breadcrumb"},"inLanguage":"pl-PL","potentialAction":[{"@type":"ReadAction","target":["http:\/\/www.zakladpogrzebowy.zory.pl\/index.php\/kremacja-2\/"]}]},{"@type":"BreadcrumbList","@id":"http:\/\/www.zakladpogrzebowy.zory.pl\/index.php\/kremacja-2\/#breadcrumb","itemListElement":[{"@type":"ListItem","position":1,"name":"Strona g\u0142\u00f3wna","item":"http:\/\/www.zakladpogrzebowy.zory.pl\/"},{"@type":"ListItem","position":2,"name":"Kremacja"}]},{"@type":"WebSite","@id":"http:\/\/www.zakladpogrzebowy.zory.pl\/#website","url":"http:\/\/www.zakladpogrzebowy.zory.pl\/","name":"Komunalny Zak\u0142ad Pogrzebowy w \u017borach","description":"","publisher":{"@id":"http:\/\/www.zakladpogrzebowy.zory.pl\/#organization"},"potentialAction":[{"@type":"SearchAction","target":{"@type":"EntryPoint","urlTemplate":"http:\/\/www.zakladpogrzebowy.zory.pl\/?s={search_term_string}"},"query-input":"required name=search_term_string"}],"inLanguage":"pl-PL"},{"@type":"Organization","@id":"http:\/\/www.zakladpogrzebowy.zory.pl\/#organization","name":"Komunalny Zak\u0142ad Pogrzebowy","url":"http:\/\/www.zakladpogrzebowy.zory.pl\/","logo":{"@type":"ImageObject","inLanguage":"pl-PL","@id":"http:\/\/www.zakladpogrzebowy.zory.pl\/#\/schema\/logo\/image\/","url":"http:\/\/www.zakladpogrzebowy.zory.pl\/wp-content\/uploads\/2021\/03\/9-scaled.jpg","contentUrl":"http:\/\/www.zakladpogrzebowy.zory.pl\/wp-content\/uploads\/2021\/03\/9-scaled.jpg","width":2560,"height":1920,"caption":"Komunalny Zak\u0142ad Pogrzebowy"},"image":{"@id":"http:\/\/www.zakladpogrzebowy.zory.pl\/#\/schema\/logo\/image\/"}}]}},"_links":{"self":[{"href":"http:\/\/www.zakladpogrzebowy.zory.pl\/index.php\/wp-json\/wp\/v2\/pages\/3627"}],"collection":[{"href":"http:\/\/www.zakladpogrzebowy.zory.pl\/index.php\/wp-json\/wp\/v2\/pages"}],"about":[{"href":"http:\/\/www.zakladpogrzebowy.zory.pl\/index.php\/wp-json\/wp\/v2\/types\/page"}],"author":[{"embeddable":true,"href":"http:\/\/www.zakladpogrzebowy.zory.pl\/index.php\/wp-json\/wp\/v2\/users\/1"}],"replies":[{"embeddable":true,"href":"http:\/\/www.zakladpogrzebowy.zory.pl\/index.php\/wp-json\/wp\/v2\/comments?post=3627"}],"version-history":[{"count":6,"href":"http:\/\/www.zakladpogrzebowy.zory.pl\/index.php\/wp-json\/wp\/v2\/pages\/3627\/revisions"}],"predecessor-version":[{"id":3779,"href":"http:\/\/www.zakladpogrzebowy.zory.pl\/index.php\/wp-json\/wp\/v2\/pages\/3627\/revisions\/3779"}],"wp:attachment":[{"href":"http:\/\/www.zakladpogrzebowy.zory.pl\/index.php\/wp-json\/wp\/v2\/media?parent=3627"}],"curies":[{"name":"wp","href":"https:\/\/api.w.org\/{rel}","templated":true}]}}