{"id":3538,"date":"2021-03-12T12:51:11","date_gmt":"2021-03-12T11:51:11","guid":{"rendered":"http:\/\/www.zakladpogrzebowy.zory.pl\/?page_id=3538"},"modified":"2021-03-15T09:19:20","modified_gmt":"2021-03-15T08:19:20","slug":"poradnik-pogrzebowy-2","status":"publish","type":"page","link":"http:\/\/www.zakladpogrzebowy.zory.pl\/index.php\/poradnik-pogrzebowy-2\/","title":{"rendered":"Poradnik pogrzebowy"},"content":{"rendered":"\t\t<div data-elementor-type=\"wp-post\" data-elementor-id=\"3538\" class=\"elementor elementor-3538\">\n\t\t\t\t\t\t<section class=\"elementor-section elementor-top-section elementor-element elementor-element-76e6cef elementor-section-boxed elementor-section-height-default elementor-section-height-default\" data-id=\"76e6cef\" data-element_type=\"section\" data-settings=\"{&quot;background_background&quot;:&quot;classic&quot;}\">\n\t\t\t\t\t\t<div class=\"elementor-container elementor-column-gap-default\">\n\t\t\t\t\t<div class=\"elementor-column elementor-col-100 elementor-top-column elementor-element elementor-element-6eea2a9\" data-id=\"6eea2a9\" data-element_type=\"column\">\n\t\t\t<div class=\"elementor-widget-wrap elementor-element-populated\">\n\t\t\t\t\t\t<div class=\"elementor-element elementor-element-9cfb66e elementor-widget elementor-widget-spacer\" data-id=\"9cfb66e\" data-element_type=\"widget\" data-widget_type=\"spacer.default\">\n\t\t\t\t<div class=\"elementor-widget-container\">\n\t\t\t\t\t<div class=\"elementor-spacer\">\n\t\t\t<div class=\"elementor-spacer-inner\"><\/div>\n\t\t<\/div>\n\t\t\t\t<\/div>\n\t\t\t\t<\/div>\n\t\t\t\t\t<\/div>\n\t\t<\/div>\n\t\t\t\t\t<\/div>\n\t\t<\/section>\n\t\t\t\t<section class=\"elementor-section elementor-top-section elementor-element elementor-element-7b58656 elementor-section-boxed elementor-section-height-default elementor-section-height-default\" data-id=\"7b58656\" data-element_type=\"section\">\n\t\t\t\t\t\t<div class=\"elementor-container elementor-column-gap-default\">\n\t\t\t\t\t<div class=\"elementor-column elementor-col-100 elementor-top-column elementor-element elementor-element-48de497\" data-id=\"48de497\" data-element_type=\"column\">\n\t\t\t<div class=\"elementor-widget-wrap elementor-element-populated\">\n\t\t\t\t\t\t<div class=\"elementor-element elementor-element-def0ffc elementor-widget elementor-widget-heading\" data-id=\"def0ffc\" data-element_type=\"widget\" data-widget_type=\"heading.default\">\n\t\t\t\t<div class=\"elementor-widget-container\">\n\t\t\t<h1 class=\"elementor-heading-title elementor-size-default\">Poradnik pogrzebowy<\/h1>\t\t<\/div>\n\t\t\t\t<\/div>\n\t\t\t\t\t<\/div>\n\t\t<\/div>\n\t\t\t\t\t<\/div>\n\t\t<\/section>\n\t\t\t\t<section class=\"elementor-section elementor-top-section elementor-element elementor-element-c883e88 elementor-section-boxed elementor-section-height-default elementor-section-height-default\" data-id=\"c883e88\" data-element_type=\"section\">\n\t\t\t\t\t\t<div class=\"elementor-container elementor-column-gap-default\">\n\t\t\t\t\t<div class=\"elementor-column elementor-col-100 elementor-top-column elementor-element elementor-element-f251829\" data-id=\"f251829\" data-element_type=\"column\">\n\t\t\t<div class=\"elementor-widget-wrap elementor-element-populated\">\n\t\t\t\t\t\t<div class=\"elementor-element elementor-element-4e91199 elementor-widget elementor-widget-heading\" data-id=\"4e91199\" data-element_type=\"widget\" data-widget_type=\"heading.default\">\n\t\t\t\t<div class=\"elementor-widget-container\">\n\t\t\t<h2 class=\"elementor-heading-title elementor-size-large\">Co zrobi\u0107, kiedy odejdzie bliska osoba? <br>Przygotowali\u015bmy kr\u00f3tki poradnik, kt\u00f3ry pomo\u017ce Ci dopilnowa\u0107 wszystkich formalno\u015bci.<\/h2>\t\t<\/div>\n\t\t\t\t<\/div>\n\t\t\t\t\t<\/div>\n\t\t<\/div>\n\t\t\t\t\t<\/div>\n\t\t<\/section>\n\t\t\t\t<section class=\"elementor-section elementor-top-section elementor-element elementor-element-b1f0826 elementor-section-boxed elementor-section-height-default elementor-section-height-default\" data-id=\"b1f0826\" data-element_type=\"section\">\n\t\t\t\t\t\t<div class=\"elementor-container elementor-column-gap-default\">\n\t\t\t\t\t<div class=\"elementor-column elementor-col-100 elementor-top-column elementor-element elementor-element-dd3bad3\" data-id=\"dd3bad3\" data-element_type=\"column\">\n\t\t\t<div class=\"elementor-widget-wrap elementor-element-populated\">\n\t\t\t\t\t\t<div class=\"elementor-element elementor-element-a45886b elementor-widget elementor-widget-spacer\" data-id=\"a45886b\" data-element_type=\"widget\" data-widget_type=\"spacer.default\">\n\t\t\t\t<div class=\"elementor-widget-container\">\n\t\t\t\t\t<div class=\"elementor-spacer\">\n\t\t\t<div class=\"elementor-spacer-inner\"><\/div>\n\t\t<\/div>\n\t\t\t\t<\/div>\n\t\t\t\t<\/div>\n\t\t\t\t\t<\/div>\n\t\t<\/div>\n\t\t\t\t\t<\/div>\n\t\t<\/section>\n\t\t\t\t<section class=\"elementor-section elementor-top-section elementor-element elementor-element-01e6bd3 elementor-section-boxed elementor-section-height-default elementor-section-height-default\" data-id=\"01e6bd3\" data-element_type=\"section\">\n\t\t\t\t\t\t<div class=\"elementor-container elementor-column-gap-default\">\n\t\t\t\t\t<div class=\"elementor-column elementor-col-50 elementor-top-column elementor-element elementor-element-1d96acc\" data-id=\"1d96acc\" data-element_type=\"column\">\n\t\t\t<div class=\"elementor-widget-wrap elementor-element-populated\">\n\t\t\t\t\t\t<div class=\"elementor-element elementor-element-2ac2eab elementor-icon-list--layout-traditional elementor-list-item-link-full_width elementor-widget elementor-widget-icon-list\" data-id=\"2ac2eab\" data-element_type=\"widget\" data-widget_type=\"icon-list.default\">\n\t\t\t\t<div class=\"elementor-widget-container\">\n\t\t\t\t\t<ul class=\"elementor-icon-list-items\">\n\t\t\t\t\t\t\t<li class=\"elementor-icon-list-item\">\n\t\t\t\t\t\t\t\t\t\t\t<span class=\"elementor-icon-list-icon\">\n\t\t\t\t\t\t\t<i aria-hidden=\"true\" class=\"fas fa-check\"><\/i>\t\t\t\t\t\t<\/span>\n\t\t\t\t\t\t\t\t\t\t<span class=\"elementor-icon-list-text\">W domu. Rodzina wzywa lekarza, kt\u00f3ry stwierdza zgon i wypisuje kart\u0119 informacyjn\u0105 lub kart\u0119 zgonu. Nast\u0119pnie kontaktuje si\u0119 z zak\u0142adem pogrzebowym w celu zabezpieczenia osoby zmar\u0142ej. <\/span>\n\t\t\t\t\t\t\t\t\t<\/li>\n\t\t\t\t\t\t\t\t<li class=\"elementor-icon-list-item\">\n\t\t\t\t\t\t\t\t\t\t<span class=\"elementor-icon-list-text\"><\/span>\n\t\t\t\t\t\t\t\t\t<\/li>\n\t\t\t\t\t\t\t\t<li class=\"elementor-icon-list-item\">\n\t\t\t\t\t\t\t\t\t\t\t<span class=\"elementor-icon-list-icon\">\n\t\t\t\t\t\t\t<i aria-hidden=\"true\" class=\"fas fa-check\"><\/i>\t\t\t\t\t\t<\/span>\n\t\t\t\t\t\t\t\t\t\t<span class=\"elementor-icon-list-text\"> Transport. Zadzwo\u0144 do nas pod ca\u0142odobowy numer: 604 584 414. Przewieziemy cia\u0142o do ch\u0142odni znajduj\u0105cej si\u0119 przy cmentarzu komunalnym: ul. Komunalna 3.<\/span>\n\t\t\t\t\t\t\t\t\t<\/li>\n\t\t\t\t\t\t\t\t<li class=\"elementor-icon-list-item\">\n\t\t\t\t\t\t\t\t\t\t<span class=\"elementor-icon-list-text\"><\/span>\n\t\t\t\t\t\t\t\t\t<\/li>\n\t\t\t\t\t\t\t\t<li class=\"elementor-icon-list-item\">\n\t\t\t\t\t\t\t\t\t\t\t<span class=\"elementor-icon-list-icon\">\n\t\t\t\t\t\t\t<i aria-hidden=\"true\" class=\"fas fa-check\"><\/i>\t\t\t\t\t\t<\/span>\n\t\t\t\t\t\t\t\t\t\t<span class=\"elementor-icon-list-text\">Zg\u0142oszenie zgonu. Zg\u0142o\u015b zgon do Urz\u0119du Stanu Cywilnego. Zabierz ze sob\u0105: kart\u0119 zgonu, dow\u00f3d osobisty osoby zmar\u0142ej, sw\u00f3j dokument to\u017csamo\u015bci (dow\u00f3d lub paszport). Po zarejestrowaniu otrzymasz bezp\u0142atny odpis skr\u00f3cony aktu zgonu. Z tym dokumentem zg\u0142o\u015b si\u0119 do nas.<\/span>\n\t\t\t\t\t\t\t\t\t<\/li>\n\t\t\t\t\t\t\t\t<li class=\"elementor-icon-list-item\">\n\t\t\t\t\t\t\t\t\t\t<span class=\"elementor-icon-list-text\"><\/span>\n\t\t\t\t\t\t\t\t\t<\/li>\n\t\t\t\t\t\t<\/ul>\n\t\t\t\t<\/div>\n\t\t\t\t<\/div>\n\t\t\t\t\t<\/div>\n\t\t<\/div>\n\t\t\t\t<div class=\"elementor-column elementor-col-50 elementor-top-column elementor-element elementor-element-83f19ab\" data-id=\"83f19ab\" data-element_type=\"column\" data-settings=\"{&quot;background_background&quot;:&quot;classic&quot;}\">\n\t\t\t<div class=\"elementor-widget-wrap\">\n\t\t\t\t\t\t\t<\/div>\n\t\t<\/div>\n\t\t\t\t\t<\/div>\n\t\t<\/section>\n\t\t\t\t<section class=\"elementor-section elementor-top-section elementor-element elementor-element-760b60f elementor-section-height-min-height elementor-section-boxed elementor-section-height-default elementor-section-items-middle\" data-id=\"760b60f\" data-element_type=\"section\" data-settings=\"{&quot;background_background&quot;:&quot;classic&quot;}\">\n\t\t\t\t\t\t<div class=\"elementor-container elementor-column-gap-default\">\n\t\t\t\t\t<div class=\"elementor-column elementor-col-50 elementor-top-column elementor-element elementor-element-b7a5841\" data-id=\"b7a5841\" data-element_type=\"column\">\n\t\t\t<div class=\"elementor-widget-wrap elementor-element-populated\">\n\t\t\t\t\t\t<div class=\"elementor-element elementor-element-e8b40f9 elementor-position-left elementor-view-default elementor-mobile-position-top elementor-vertical-align-top elementor-widget elementor-widget-icon-box\" data-id=\"e8b40f9\" data-element_type=\"widget\" data-widget_type=\"icon-box.default\">\n\t\t\t\t<div class=\"elementor-widget-container\">\n\t\t\t\t\t<div class=\"elementor-icon-box-wrapper\">\n\t\t\t\t\t\t<div class=\"elementor-icon-box-icon\">\n\t\t\t\t<span  class=\"elementor-icon elementor-animation-\">\n\t\t\t\t<i aria-hidden=\"true\" class=\"fas fa-home\"><\/i>\t\t\t\t<\/span>\n\t\t\t<\/div>\n\t\t\t\t\t\t<div class=\"elementor-icon-box-content\">\n\t\t\t\t<h3 class=\"elementor-icon-box-title\">\n\t\t\t\t\t<span  >\n\t\t\t\t\t\tUrz\u0105d Stanu Cywilnego\t\t\t\t\t<\/span>\n\t\t\t\t<\/h3>\n\t\t\t\t\t\t\t\t\t<p class=\"elementor-icon-box-description\">\n\t\t\t\t\t\t\u017bory, <br>ul. Rynek 9\t\t\t\t\t<\/p>\n\t\t\t\t\t\t\t<\/div>\n\t\t<\/div>\n\t\t\t\t<\/div>\n\t\t\t\t<\/div>\n\t\t\t\t\t<\/div>\n\t\t<\/div>\n\t\t\t\t<div class=\"elementor-column elementor-col-50 elementor-top-column elementor-element elementor-element-7cbd12d\" data-id=\"7cbd12d\" data-element_type=\"column\">\n\t\t\t<div class=\"elementor-widget-wrap elementor-element-populated\">\n\t\t\t\t\t\t<div class=\"elementor-element elementor-element-4129815 elementor-position-left elementor-view-default elementor-mobile-position-top elementor-vertical-align-top elementor-widget elementor-widget-icon-box\" data-id=\"4129815\" data-element_type=\"widget\" data-widget_type=\"icon-box.default\">\n\t\t\t\t<div class=\"elementor-widget-container\">\n\t\t\t\t\t<div class=\"elementor-icon-box-wrapper\">\n\t\t\t\t\t\t<div class=\"elementor-icon-box-icon\">\n\t\t\t\t<span  class=\"elementor-icon elementor-animation-\">\n\t\t\t\t<i aria-hidden=\"true\" class=\"far fa-clock\"><\/i>\t\t\t\t<\/span>\n\t\t\t<\/div>\n\t\t\t\t\t\t<div class=\"elementor-icon-box-content\">\n\t\t\t\t<h3 class=\"elementor-icon-box-title\">\n\t\t\t\t\t<span  >\n\t\t\t\t\t\tGodziny otwarcia\t\t\t\t\t<\/span>\n\t\t\t\t<\/h3>\n\t\t\t\t\t\t\t\t\t<p class=\"elementor-icon-box-description\">\n\t\t\t\t\t\t\nponiedzia\u0142ek 7:30-17:00 \n  |  wtorek 7:30-15:30  |  \u015broda 7:30-15:30<br>\n\nczwartek 7:30-15:30 |  pi\u0105tek 7:30-14:00<br>\t\t\t\t\t<\/p>\n\t\t\t\t\t\t\t<\/div>\n\t\t<\/div>\n\t\t\t\t<\/div>\n\t\t\t\t<\/div>\n\t\t\t\t\t<\/div>\n\t\t<\/div>\n\t\t\t\t\t<\/div>\n\t\t<\/section>\n\t\t\t\t<section class=\"elementor-section elementor-top-section elementor-element elementor-element-c40f457 elementor-section-boxed elementor-section-height-default elementor-section-height-default\" data-id=\"c40f457\" data-element_type=\"section\">\n\t\t\t\t\t\t<div class=\"elementor-container elementor-column-gap-default\">\n\t\t\t\t\t<div class=\"elementor-column elementor-col-50 elementor-top-column elementor-element elementor-element-4148d43\" data-id=\"4148d43\" data-element_type=\"column\">\n\t\t\t<div class=\"elementor-widget-wrap elementor-element-populated\">\n\t\t\t\t\t\t<div class=\"elementor-element elementor-element-74063fd elementor-widget elementor-widget-heading\" data-id=\"74063fd\" data-element_type=\"widget\" data-widget_type=\"heading.default\">\n\t\t\t\t<div class=\"elementor-widget-container\">\n\t\t\t<h3 class=\"elementor-heading-title elementor-size-medium\"><br><br>Zasi\u0142ek pogrzebowy<br><br>\nW Pa\u0144stwa imieniu mo\u017cemy za\u0142atwi\u0107 formalno\u015bci zwi\u0105zane z zasi\u0142kiem pogrzebowym. Bezgot\u00f3wkowe rozliczenie koszt\u00f3w pogrzebu w ramach zasi\u0142ku pogrzebowego ZUS, KRUS, MSWiA.\n<br><br>\nDokumenty potrzebne przy za\u0142atwieniu zasi\u0142ku pogrzebowego: akt zgonu, dow\u00f3d wnioskodawcy, legitymacja zmar\u0142ej osoby, orygina\u0142 aktu ma\u0142\u017ce\u0144stwa b\u0105d\u017a aktu urodzenia (musi wynika\u0107 pokrewie\u0144stwo z osob\u0105 zmar\u0142\u0105).\n<br><br>\nNasz zak\u0142ad w spos\u00f3b profesjonalny zapewni obs\u0142ug\u0119 pogrzebu, pomo\u017cemy w ka\u017cdej sprawie. Godnie i z szacunkiem pochowamy osob\u0119 blisk\u0105 naszemu sercu.<br><br><br><\/h3>\t\t<\/div>\n\t\t\t\t<\/div>\n\t\t\t\t\t<\/div>\n\t\t<\/div>\n\t\t\t\t<div class=\"elementor-column elementor-col-50 elementor-top-column elementor-element elementor-element-1c57a20\" data-id=\"1c57a20\" data-element_type=\"column\" data-settings=\"{&quot;background_background&quot;:&quot;classic&quot;}\">\n\t\t\t<div class=\"elementor-widget-wrap elementor-element-populated\">\n\t\t\t\t\t\t<div class=\"elementor-element elementor-element-5836bd2 elementor-widget elementor-widget-text-editor\" data-id=\"5836bd2\" data-element_type=\"widget\" data-widget_type=\"text-editor.default\">\n\t\t\t\t<div class=\"elementor-widget-container\">\n\t\t\t\t\t\t\t\t\t\t\t\t\t<\/div>\n\t\t\t\t<\/div>\n\t\t\t\t<div class=\"elementor-element elementor-element-5bdc979 elementor-widget elementor-widget-text-editor\" data-id=\"5bdc979\" data-element_type=\"widget\" data-widget_type=\"text-editor.default\">\n\t\t\t\t<div class=\"elementor-widget-container\">\n\t\t\t\t\t\t\t\t\t\t\t\t\t<\/div>\n\t\t\t\t<\/div>\n\t\t\t\t<div class=\"elementor-element elementor-element-378ef6b elementor-widget elementor-widget-text-editor\" data-id=\"378ef6b\" data-element_type=\"widget\" data-widget_type=\"text-editor.default\">\n\t\t\t\t<div class=\"elementor-widget-container\">\n\t\t\t\t\t\t\t\t\t\t\t\t\t<\/div>\n\t\t\t\t<\/div>\n\t\t\t\t<div class=\"elementor-element elementor-element-99b6918 elementor-widget elementor-widget-text-editor\" data-id=\"99b6918\" data-element_type=\"widget\" data-widget_type=\"text-editor.default\">\n\t\t\t\t<div class=\"elementor-widget-container\">\n\t\t\t\t\t\t\t\t\t\t\t\t\t<\/div>\n\t\t\t\t<\/div>\n\t\t\t\t<div class=\"elementor-element elementor-element-73990a0 elementor-align-center elementor-widget elementor-widget-button\" data-id=\"73990a0\" data-element_type=\"widget\" data-widget_type=\"button.default\">\n\t\t\t\t<div class=\"elementor-widget-container\">\n\t\t\t\t\t<div class=\"elementor-button-wrapper\">\n\t\t\t<a class=\"elementor-button elementor-button-link elementor-size-lg\" href=\"https:\/\/www.zus.pl\/swiadczenia\/zasilki\/zasilek-pogrzebowy\">\n\t\t\t\t\t\t<span class=\"elementor-button-content-wrapper\">\n\t\t\t\t\t\t<span class=\"elementor-button-text\">zobacz wi\u0119cej<\/span>\n\t\t<\/span>\n\t\t\t\t\t<\/a>\n\t\t<\/div>\n\t\t\t\t<\/div>\n\t\t\t\t<\/div>\n\t\t\t\t\t<\/div>\n\t\t<\/div>\n\t\t\t\t\t<\/div>\n\t\t<\/section>\n\t\t\t\t<\/div>\n\t\t","protected":false},"excerpt":{"rendered":"<p>Poradnik pogrzebowy Co zrobi\u0107, kiedy odejdzie bliska osoba? Przygotowali\u015bmy kr\u00f3tki poradnik, kt\u00f3ry pomo\u017ce Ci dopilnowa\u0107 wszystkich formalno\u015bci. W domu. Rodzina wzywa lekarza, kt\u00f3ry stwierdza zgon i wypisuje kart\u0119 informacyjn\u0105 lub [&hellip;]<\/p>\n<p><a href=\"http:\/\/www.zakladpogrzebowy.zory.pl\/index.php\/poradnik-pogrzebowy-2\/\" class=\"more-link style1-button\">Read More<\/a><\/p>","protected":false},"author":1,"featured_media":0,"parent":0,"menu_order":0,"comment_status":"closed","ping_status":"closed","template":"elementor_header_footer","meta":{"footnotes":""},"yoast_head":"<!-- This site is optimized with the Yoast SEO plugin v22.3 - https:\/\/yoast.com\/wordpress\/plugins\/seo\/ -->\n<title>Poradnik pogrzebowy | Komunalny Zak\u0142ad Pogrzebowy w \u017borach<\/title>\n<meta name=\"robots\" content=\"index, follow, max-snippet:-1, max-image-preview:large, max-video-preview:-1\" \/>\n<link rel=\"canonical\" href=\"http:\/\/www.zakladpogrzebowy.zory.pl\/index.php\/poradnik-pogrzebowy-2\/\" \/>\n<meta property=\"og:locale\" content=\"pl_PL\" \/>\n<meta property=\"og:type\" content=\"article\" \/>\n<meta property=\"og:title\" content=\"Poradnik pogrzebowy | Komunalny Zak\u0142ad Pogrzebowy w \u017borach\" \/>\n<meta property=\"og:description\" content=\"Poradnik pogrzebowy Co zrobi\u0107, kiedy odejdzie bliska osoba? Przygotowali\u015bmy kr\u00f3tki poradnik, kt\u00f3ry pomo\u017ce Ci dopilnowa\u0107 wszystkich formalno\u015bci. W domu. Rodzina wzywa lekarza, kt\u00f3ry stwierdza zgon i wypisuje kart\u0119 informacyjn\u0105 lub [&hellip;]\" \/>\n<meta property=\"og:url\" content=\"http:\/\/www.zakladpogrzebowy.zory.pl\/index.php\/poradnik-pogrzebowy-2\/\" \/>\n<meta property=\"og:site_name\" content=\"Komunalny Zak\u0142ad Pogrzebowy w \u017borach\" \/>\n<meta property=\"article:modified_time\" content=\"2021-03-15T08:19:20+00:00\" \/>\n<meta name=\"twitter:card\" content=\"summary_large_image\" \/>\n<meta name=\"twitter:label1\" content=\"Szacowany czas czytania\" \/>\n\t<meta name=\"twitter:data1\" content=\"1 minuta\" \/>\n<script type=\"application\/ld+json\" class=\"yoast-schema-graph\">{\"@context\":\"https:\/\/schema.org\",\"@graph\":[{\"@type\":\"WebPage\",\"@id\":\"http:\/\/www.zakladpogrzebowy.zory.pl\/index.php\/poradnik-pogrzebowy-2\/\",\"url\":\"http:\/\/www.zakladpogrzebowy.zory.pl\/index.php\/poradnik-pogrzebowy-2\/\",\"name\":\"Poradnik pogrzebowy | Komunalny Zak\u0142ad Pogrzebowy w \u017borach\",\"isPartOf\":{\"@id\":\"http:\/\/www.zakladpogrzebowy.zory.pl\/#website\"},\"datePublished\":\"2021-03-12T11:51:11+00:00\",\"dateModified\":\"2021-03-15T08:19:20+00:00\",\"breadcrumb\":{\"@id\":\"http:\/\/www.zakladpogrzebowy.zory.pl\/index.php\/poradnik-pogrzebowy-2\/#breadcrumb\"},\"inLanguage\":\"pl-PL\",\"potentialAction\":[{\"@type\":\"ReadAction\",\"target\":[\"http:\/\/www.zakladpogrzebowy.zory.pl\/index.php\/poradnik-pogrzebowy-2\/\"]}]},{\"@type\":\"BreadcrumbList\",\"@id\":\"http:\/\/www.zakladpogrzebowy.zory.pl\/index.php\/poradnik-pogrzebowy-2\/#breadcrumb\",\"itemListElement\":[{\"@type\":\"ListItem\",\"position\":1,\"name\":\"Strona g\u0142\u00f3wna\",\"item\":\"http:\/\/www.zakladpogrzebowy.zory.pl\/\"},{\"@type\":\"ListItem\",\"position\":2,\"name\":\"Poradnik pogrzebowy\"}]},{\"@type\":\"WebSite\",\"@id\":\"http:\/\/www.zakladpogrzebowy.zory.pl\/#website\",\"url\":\"http:\/\/www.zakladpogrzebowy.zory.pl\/\",\"name\":\"Komunalny Zak\u0142ad Pogrzebowy w \u017borach\",\"description\":\"\",\"publisher\":{\"@id\":\"http:\/\/www.zakladpogrzebowy.zory.pl\/#organization\"},\"potentialAction\":[{\"@type\":\"SearchAction\",\"target\":{\"@type\":\"EntryPoint\",\"urlTemplate\":\"http:\/\/www.zakladpogrzebowy.zory.pl\/?s={search_term_string}\"},\"query-input\":\"required name=search_term_string\"}],\"inLanguage\":\"pl-PL\"},{\"@type\":\"Organization\",\"@id\":\"http:\/\/www.zakladpogrzebowy.zory.pl\/#organization\",\"name\":\"Komunalny Zak\u0142ad Pogrzebowy\",\"url\":\"http:\/\/www.zakladpogrzebowy.zory.pl\/\",\"logo\":{\"@type\":\"ImageObject\",\"inLanguage\":\"pl-PL\",\"@id\":\"http:\/\/www.zakladpogrzebowy.zory.pl\/#\/schema\/logo\/image\/\",\"url\":\"http:\/\/www.zakladpogrzebowy.zory.pl\/wp-content\/uploads\/2021\/03\/9-scaled.jpg\",\"contentUrl\":\"http:\/\/www.zakladpogrzebowy.zory.pl\/wp-content\/uploads\/2021\/03\/9-scaled.jpg\",\"width\":2560,\"height\":1920,\"caption\":\"Komunalny Zak\u0142ad Pogrzebowy\"},\"image\":{\"@id\":\"http:\/\/www.zakladpogrzebowy.zory.pl\/#\/schema\/logo\/image\/\"}}]}<\/script>\n<!-- \/ Yoast SEO plugin. -->","yoast_head_json":{"title":"Poradnik pogrzebowy | Komunalny Zak\u0142ad Pogrzebowy w \u017borach","robots":{"index":"index","follow":"follow","max-snippet":"max-snippet:-1","max-image-preview":"max-image-preview:large","max-video-preview":"max-video-preview:-1"},"canonical":"http:\/\/www.zakladpogrzebowy.zory.pl\/index.php\/poradnik-pogrzebowy-2\/","og_locale":"pl_PL","og_type":"article","og_title":"Poradnik pogrzebowy | Komunalny Zak\u0142ad Pogrzebowy w \u017borach","og_description":"Poradnik pogrzebowy Co zrobi\u0107, kiedy odejdzie bliska osoba? Przygotowali\u015bmy kr\u00f3tki poradnik, kt\u00f3ry pomo\u017ce Ci dopilnowa\u0107 wszystkich formalno\u015bci. W domu. Rodzina wzywa lekarza, kt\u00f3ry stwierdza zgon i wypisuje kart\u0119 informacyjn\u0105 lub [&hellip;]","og_url":"http:\/\/www.zakladpogrzebowy.zory.pl\/index.php\/poradnik-pogrzebowy-2\/","og_site_name":"Komunalny Zak\u0142ad Pogrzebowy w \u017borach","article_modified_time":"2021-03-15T08:19:20+00:00","twitter_card":"summary_large_image","twitter_misc":{"Szacowany czas czytania":"1 minuta"},"schema":{"@context":"https:\/\/schema.org","@graph":[{"@type":"WebPage","@id":"http:\/\/www.zakladpogrzebowy.zory.pl\/index.php\/poradnik-pogrzebowy-2\/","url":"http:\/\/www.zakladpogrzebowy.zory.pl\/index.php\/poradnik-pogrzebowy-2\/","name":"Poradnik pogrzebowy | Komunalny Zak\u0142ad Pogrzebowy w \u017borach","isPartOf":{"@id":"http:\/\/www.zakladpogrzebowy.zory.pl\/#website"},"datePublished":"2021-03-12T11:51:11+00:00","dateModified":"2021-03-15T08:19:20+00:00","breadcrumb":{"@id":"http:\/\/www.zakladpogrzebowy.zory.pl\/index.php\/poradnik-pogrzebowy-2\/#breadcrumb"},"inLanguage":"pl-PL","potentialAction":[{"@type":"ReadAction","target":["http:\/\/www.zakladpogrzebowy.zory.pl\/index.php\/poradnik-pogrzebowy-2\/"]}]},{"@type":"BreadcrumbList","@id":"http:\/\/www.zakladpogrzebowy.zory.pl\/index.php\/poradnik-pogrzebowy-2\/#breadcrumb","itemListElement":[{"@type":"ListItem","position":1,"name":"Strona g\u0142\u00f3wna","item":"http:\/\/www.zakladpogrzebowy.zory.pl\/"},{"@type":"ListItem","position":2,"name":"Poradnik pogrzebowy"}]},{"@type":"WebSite","@id":"http:\/\/www.zakladpogrzebowy.zory.pl\/#website","url":"http:\/\/www.zakladpogrzebowy.zory.pl\/","name":"Komunalny Zak\u0142ad Pogrzebowy w \u017borach","description":"","publisher":{"@id":"http:\/\/www.zakladpogrzebowy.zory.pl\/#organization"},"potentialAction":[{"@type":"SearchAction","target":{"@type":"EntryPoint","urlTemplate":"http:\/\/www.zakladpogrzebowy.zory.pl\/?s={search_term_string}"},"query-input":"required name=search_term_string"}],"inLanguage":"pl-PL"},{"@type":"Organization","@id":"http:\/\/www.zakladpogrzebowy.zory.pl\/#organization","name":"Komunalny Zak\u0142ad Pogrzebowy","url":"http:\/\/www.zakladpogrzebowy.zory.pl\/","logo":{"@type":"ImageObject","inLanguage":"pl-PL","@id":"http:\/\/www.zakladpogrzebowy.zory.pl\/#\/schema\/logo\/image\/","url":"http:\/\/www.zakladpogrzebowy.zory.pl\/wp-content\/uploads\/2021\/03\/9-scaled.jpg","contentUrl":"http:\/\/www.zakladpogrzebowy.zory.pl\/wp-content\/uploads\/2021\/03\/9-scaled.jpg","width":2560,"height":1920,"caption":"Komunalny Zak\u0142ad Pogrzebowy"},"image":{"@id":"http:\/\/www.zakladpogrzebowy.zory.pl\/#\/schema\/logo\/image\/"}}]}},"_links":{"self":[{"href":"http:\/\/www.zakladpogrzebowy.zory.pl\/index.php\/wp-json\/wp\/v2\/pages\/3538"}],"collection":[{"href":"http:\/\/www.zakladpogrzebowy.zory.pl\/index.php\/wp-json\/wp\/v2\/pages"}],"about":[{"href":"http:\/\/www.zakladpogrzebowy.zory.pl\/index.php\/wp-json\/wp\/v2\/types\/page"}],"author":[{"embeddable":true,"href":"http:\/\/www.zakladpogrzebowy.zory.pl\/index.php\/wp-json\/wp\/v2\/users\/1"}],"replies":[{"embeddable":true,"href":"http:\/\/www.zakladpogrzebowy.zory.pl\/index.php\/wp-json\/wp\/v2\/comments?post=3538"}],"version-history":[{"count":19,"href":"http:\/\/www.zakladpogrzebowy.zory.pl\/index.php\/wp-json\/wp\/v2\/pages\/3538\/revisions"}],"predecessor-version":[{"id":3599,"href":"http:\/\/www.zakladpogrzebowy.zory.pl\/index.php\/wp-json\/wp\/v2\/pages\/3538\/revisions\/3599"}],"wp:attachment":[{"href":"http:\/\/www.zakladpogrzebowy.zory.pl\/index.php\/wp-json\/wp\/v2\/media?parent=3538"}],"curies":[{"name":"wp","href":"https:\/\/api.w.org\/{rel}","templated":true}]}}